{"id":2894,"date":"2023-11-03T18:20:14","date_gmt":"2023-11-03T16:20:14","guid":{"rendered":"https:\/\/www.benet.cat\/formacion-teorica\/"},"modified":"2024-11-18T19:02:07","modified_gmt":"2024-11-18T17:02:07","slug":"formacion-teorica","status":"publish","type":"page","link":"https:\/\/www.benet.cat\/es\/formacion-teorica\/","title":{"rendered":"Formaci\u00f3n te\u00f3rica"},"content":{"rendered":"<p><div class=\"fusion-fullwidth fullwidth-box fusion-builder-row-1 fusion-flex-container nonhundred-percent-fullwidth non-hundred-percent-height-scrolling\" style=\"--awb-border-radius-top-left:0px;--awb-border-radius-top-right:0px;--awb-border-radius-bottom-right:0px;--awb-border-radius-bottom-left:0px;--awb-margin-top:50px;--awb-margin-bottom:50px;--awb-flex-wrap:wrap;\" ><div class=\"fusion-builder-row fusion-row fusion-flex-align-items-flex-start fusion-flex-content-wrap\" style=\"max-width:1248px;margin-left: calc(-4% \/ 2 );margin-right: calc(-4% \/ 2 );\"><div class=\"fusion-layout-column fusion_builder_column fusion-builder-column-0 fusion_builder_column_1_1 1_1 fusion-flex-column\" style=\"--awb-bg-size:cover;--awb-width-large:100%;--awb-margin-top-large:0px;--awb-spacing-right-large:1.92%;--awb-margin-bottom-large:0px;--awb-spacing-left-large:1.92%;--awb-width-medium:100%;--awb-order-medium:0;--awb-spacing-right-medium:1.92%;--awb-spacing-left-medium:1.92%;--awb-width-small:100%;--awb-order-small:0;--awb-spacing-right-small:1.92%;--awb-spacing-left-small:1.92%;\" data-scroll-devices=\"small-visibility,medium-visibility,large-visibility\"><div class=\"fusion-column-wrapper fusion-column-has-shadow fusion-flex-justify-content-flex-start fusion-content-layout-column\"><div class=\"fusion-text fusion-text-1\" style=\"--awb-font-size:40px;--awb-line-height:1.2;--awb-text-color:var(--awb-color5);--awb-text-font-family:&quot;Bree Serif&quot;;--awb-text-font-style:normal;--awb-text-font-weight:400;\"><h1 style=\"text-align: center;\"><span style=\"font-size: 40pt;\">Nuestras herramientas:<\/span><\/h1>\n<\/div><\/div><\/div><div class=\"fusion-layout-column fusion_builder_column fusion-builder-column-1 fusion_builder_column_1_3 1_3 fusion-flex-column\" style=\"--awb-bg-size:cover;--awb-width-large:33.333333333333%;--awb-margin-top-large:0px;--awb-spacing-right-large:3.84%;--awb-margin-bottom-large:0px;--awb-spacing-left-large:5.76%;--awb-width-medium:33.333333333333%;--awb-spacing-right-medium:3.84%;--awb-spacing-left-medium:5.76%;--awb-width-small:100%;--awb-spacing-right-small:1.92%;--awb-spacing-left-small:1.92%;\"><div class=\"fusion-column-wrapper fusion-flex-justify-content-flex-start fusion-content-layout-column\"><div class=\"fusion-image-element \" style=\"text-align:center;--awb-caption-title-font-family:var(--h2_typography-font-family);--awb-caption-title-font-weight:var(--h2_typography-font-weight);--awb-caption-title-font-style:var(--h2_typography-font-style);--awb-caption-title-size:var(--h2_typography-font-size);--awb-caption-title-transform:var(--h2_typography-text-transform);--awb-caption-title-line-height:var(--h2_typography-line-height);--awb-caption-title-letter-spacing:var(--h2_typography-letter-spacing);\"><span class=\" fusion-imageframe imageframe-none imageframe-1 hover-type-none\"><img decoding=\"async\" width=\"300\" height=\"425\" title=\"Termometre_icona\" src=\"http:\/\/www.benet.cat\/wp-content\/uploads\/2021\/01\/Termometre_icona-2.jpg\" alt class=\"img-responsive wp-image-1452\" srcset=\"https:\/\/www.benet.cat\/wp-content\/uploads\/2021\/01\/Termometre_icona-2-200x283.jpg 200w, https:\/\/www.benet.cat\/wp-content\/uploads\/2021\/01\/Termometre_icona-2.jpg 300w\" sizes=\"(max-width: 640px) 100vw, 300px\" \/><\/span><\/div><\/div><\/div><div class=\"fusion-layout-column fusion_builder_column fusion-builder-column-2 fusion_builder_column_2_3 2_3 fusion-flex-column\" style=\"--awb-bg-size:cover;--awb-width-large:66.666666666667%;--awb-margin-top-large:0px;--awb-spacing-right-large:2.88%;--awb-margin-bottom-large:0px;--awb-spacing-left-large:3.84%;--awb-width-medium:66.666666666667%;--awb-spacing-right-medium:2.88%;--awb-spacing-left-medium:3.84%;--awb-width-small:100%;--awb-spacing-right-small:1.92%;--awb-spacing-left-small:1.92%;\"><div class=\"fusion-column-wrapper fusion-flex-justify-content-flex-start fusion-content-layout-column\"><div class=\"fusion-image-element \" style=\"--awb-max-width:475px;--awb-caption-title-font-family:var(--h2_typography-font-family);--awb-caption-title-font-weight:var(--h2_typography-font-weight);--awb-caption-title-font-style:var(--h2_typography-font-style);--awb-caption-title-size:var(--h2_typography-font-size);--awb-caption-title-transform:var(--h2_typography-text-transform);--awb-caption-title-line-height:var(--h2_typography-line-height);--awb-caption-title-letter-spacing:var(--h2_typography-letter-spacing);\"><span class=\" fusion-imageframe imageframe-none imageframe-2 hover-type-none\"><img decoding=\"async\" width=\"575\" height=\"357\" title=\"Imatge_Senyal_Home_TE\" src=\"https:\/\/www.benet.cat\/wp-content\/uploads\/2021\/09\/Imatge_Senyal_Home_TE.jpg\" alt class=\"img-responsive wp-image-2104\" srcset=\"https:\/\/www.benet.cat\/wp-content\/uploads\/2021\/09\/Imatge_Senyal_Home_TE-200x124.jpg 200w, https:\/\/www.benet.cat\/wp-content\/uploads\/2021\/09\/Imatge_Senyal_Home_TE-400x248.jpg 400w, https:\/\/www.benet.cat\/wp-content\/uploads\/2021\/09\/Imatge_Senyal_Home_TE.jpg 575w\" sizes=\"(max-width: 640px) 100vw, 575px\" \/><\/span><\/div><div class=\"fusion-text fusion-text-2\"><h1>\u00bfQu\u00e9 es la Te\u00f3rica Express?<\/h1>\n<h2>S\u00e1cate la te\u00f3rica en un tiempo r\u00e9cord.<\/h2>\n<p><span style=\"background-color: rgba(255, 255, 255, 0); color: var(--body_typography-color); font-family: var(--body_typography-font-family); font-size: var(--body_typography-font-size); font-style: var(--body_typography-font-style,normal); font-weight: var(--body_typography-font-weight); letter-spacing: var(--body_typography-letter-spacing);\">Profesores titulados.<\/span><br \/>\n<span style=\"background-color: rgba(255, 255, 255, 0); color: var(--body_typography-color); font-family: var(--body_typography-font-family); font-size: var(--body_typography-font-size); font-style: var(--body_typography-font-style,normal); font-weight: var(--body_typography-font-weight); letter-spacing: var(--body_typography-letter-spacing);\">Sabr\u00e1s en todo momento en qu\u00e9 nivel te encuentras y cuando estar\u00e1s preparado para aprobar el examen.<\/span><br \/>\n<span style=\"background-color: rgba(255, 255, 255, 0); color: var(--body_typography-color); font-family: var(--body_typography-font-family); font-size: var(--body_typography-font-size); font-style: var(--body_typography-font-style,normal); font-weight: var(--body_typography-font-weight); letter-spacing: var(--body_typography-letter-spacing);\">M\u00e9todo exclusivo y eficaz.<\/span><br \/>\n<span style=\"background-color: rgba(255, 255, 255, 0); color: var(--body_typography-color); font-family: var(--body_typography-font-family); font-size: var(--body_typography-font-size); font-style: var(--body_typography-font-style,normal); font-weight: var(--body_typography-font-weight); letter-spacing: var(--body_typography-letter-spacing);\">Seguiment personalitzat amb objectius individuals. Seguimiento personalizado con objetivos individuales. <\/span><br \/>\n<span style=\"background-color: rgba(255, 255, 255, 0); color: var(--body_typography-color); font-family: var(--body_typography-font-family); font-size: var(--body_typography-font-size); font-style: var(--body_typography-font-style,normal); font-weight: var(--body_typography-font-weight); letter-spacing: var(--body_typography-letter-spacing);\">Clases te\u00f3ricas diarias presenciales, ma\u00f1anas y tardes.<\/span><br \/>\n<span style=\"background-color: rgba(255, 255, 255, 0); color: var(--body_typography-color); font-family: var(--body_typography-font-family); font-size: var(--body_typography-font-size); font-style: var(--body_typography-font-style,normal); font-weight: var(--body_typography-font-weight); letter-spacing: var(--body_typography-letter-spacing);\">Clases y macetas en l\u00ednea para poder trabajar en casa o cualquier otro lugar.<\/span><\/p>\n<div>\n<h1>Ventajas&#8230;<\/h1>\n<h2>Sistema exclusivo de trabajo de los test de examen<\/h2>\n<p>M\u00e9todo f\u00e1cil y din\u00e1mico.<br \/>\nAulas informatizadas.<br \/>\nFamiliarizaci\u00f3n con las preguntas reales de los ex\u00e1menes.<br \/>\nAl acabar la clase puedes continuar tu formaci\u00f3n en el m\u00f3vil.<br \/>\nPla de seguimiento individual con una plataforma de macetas que te permite saber en qu\u00e9 nivel exacto de tu formaci\u00f3n te encuentras y crea un plan espec\u00edfico de evoluci\u00f3n para t\u00fa.<\/p>\n<p>Toda la formaci\u00f3n te\u00f3rica la puedes hacer presencial y a distancia.<\/p>\n<\/div>\n<\/div><div style=\"text-align:left;\"><a class=\"fusion-button button-3d fusion-button-default-size button-default fusion-button-default button-1 fusion-button-default-span fusion-button-default-type\" style=\"--button_margin-top:50px;\" target=\"_self\" href=\"http:\/\/www.benet.cat\/contacte\/\"><span class=\"fusion-button-text awb-button__text awb-button__text--default\">\u00bfTienes alguna pregunta?<\/span><\/a><\/div><\/div><\/div><\/div><\/div><div class=\"fusion-fullwidth fullwidth-box fusion-builder-row-2 fusion-flex-container has-pattern-background has-mask-background nonhundred-percent-fullwidth non-hundred-percent-height-scrolling\" style=\"--awb-border-radius-top-left:0px;--awb-border-radius-top-right:0px;--awb-border-radius-bottom-right:0px;--awb-border-radius-bottom-left:0px;--awb-margin-bottom:25px;--awb-flex-wrap:wrap;\" ><div class=\"fusion-builder-row fusion-row fusion-flex-align-items-flex-start fusion-flex-justify-content-center fusion-flex-content-wrap\" style=\"max-width:1248px;margin-left: calc(-4% \/ 2 );margin-right: calc(-4% \/ 2 );\"><div class=\"fusion-layout-column fusion_builder_column fusion-builder-column-3 fusion_builder_column_1_1 1_1 fusion-flex-column\" style=\"--awb-bg-size:cover;--awb-width-large:100%;--awb-margin-top-large:0px;--awb-spacing-right-large:1.92%;--awb-margin-bottom-large:0px;--awb-spacing-left-large:1.92%;--awb-width-medium:100%;--awb-order-medium:0;--awb-spacing-right-medium:1.92%;--awb-spacing-left-medium:1.92%;--awb-width-small:100%;--awb-order-small:0;--awb-spacing-right-small:1.92%;--awb-spacing-left-small:1.92%;\" data-scroll-devices=\"small-visibility,medium-visibility,large-visibility\"><div class=\"fusion-column-wrapper fusion-column-has-shadow fusion-flex-justify-content-flex-start fusion-content-layout-column\"><div class=\"fusion-text fusion-text-3\" style=\"--awb-font-size:40px;--awb-line-height:1.2;--awb-text-color:var(--awb-color5);--awb-text-font-family:&quot;Bree Serif&quot;;--awb-text-font-style:normal;--awb-text-font-weight:400;\"><h1 style=\"text-align: center;\"><span style=\"font-size: 40pt;\">\u00a1Tu autoescuela en un click!<\/span><\/h1>\n<\/div><\/div><\/div><div class=\"fusion-layout-column fusion_builder_column fusion-builder-column-4 fusion_builder_column_1_2 1_2 fusion-flex-column\" style=\"--awb-bg-size:cover;--awb-width-large:50%;--awb-margin-top-large:0px;--awb-spacing-right-large:3.84%;--awb-margin-bottom-large:50px;--awb-spacing-left-large:3.84%;--awb-width-medium:50%;--awb-order-medium:0;--awb-spacing-right-medium:3.84%;--awb-spacing-left-medium:3.84%;--awb-width-small:100%;--awb-order-small:0;--awb-spacing-right-small:1.92%;--awb-spacing-left-small:1.92%;\" data-scroll-devices=\"small-visibility,medium-visibility,large-visibility\"><div class=\"fusion-column-wrapper fusion-column-has-shadow fusion-flex-justify-content-flex-start fusion-content-layout-column\"><div class=\"fusion-image-element \" style=\"text-align:center;--awb-max-width:450px;--awb-caption-title-font-family:var(--h2_typography-font-family);--awb-caption-title-font-weight:var(--h2_typography-font-weight);--awb-caption-title-font-style:var(--h2_typography-font-style);--awb-caption-title-size:var(--h2_typography-font-size);--awb-caption-title-transform:var(--h2_typography-text-transform);--awb-caption-title-line-height:var(--h2_typography-line-height);--awb-caption-title-letter-spacing:var(--h2_typography-letter-spacing);\"><span class=\" fusion-imageframe imageframe-none imageframe-3 hover-type-none\"><a class=\"fusion-no-lightbox\" href=\"https:\/\/www.matferline.com\/validar_ae.php?acceso=benet\" target=\"_blank\" aria-label=\"Cloud_Auto_Orange\" rel=\"noopener noreferrer\"><img decoding=\"async\" width=\"500\" height=\"353\" src=\"https:\/\/www.benet.cat\/wp-content\/uploads\/2023\/10\/Cloud_Auto_Orange.jpg\" alt class=\"img-responsive wp-image-2759\" srcset=\"https:\/\/www.benet.cat\/wp-content\/uploads\/2023\/10\/Cloud_Auto_Orange-200x141.jpg 200w, https:\/\/www.benet.cat\/wp-content\/uploads\/2023\/10\/Cloud_Auto_Orange-400x282.jpg 400w, https:\/\/www.benet.cat\/wp-content\/uploads\/2023\/10\/Cloud_Auto_Orange.jpg 500w\" sizes=\"(max-width: 640px) 100vw, 500px\" \/><\/a><\/span><\/div><div class=\"fusion-text fusion-text-4\" style=\"--awb-line-height:1.2;\"><h2 style=\"text-align: center;\"><span style=\"font-size: 24pt;\">Sigue las clases de tu profesor.<br \/>\n<\/span><\/h2>\n<\/div><div class=\"fusion-text fusion-text-5\" style=\"--awb-font-size:20px;--awb-line-height:1.2;--awb-text-color:var(--awb-color5);--awb-margin-top:-25px;--awb-text-font-family:&quot;Bree Serif&quot;;--awb-text-font-style:normal;--awb-text-font-weight:400;\"><p style=\"text-align: center;\">Repasa los contenidos y haz tests desde cualquier lugar.<\/p>\n<\/div><div class=\"fusion-text fusion-text-6\" style=\"--awb-line-height:1.2;\"><h2 style=\"text-align: center;\"><span style=\"font-size: 24pt;\">Visita el aula virtual.<br \/>\n<\/span><\/h2>\n<\/div><div class=\"fusion-text fusion-text-7\" style=\"--awb-line-height:1.2;--awb-margin-top:-30px;\"><p style=\"text-align: center;\"><strong>*Recomendado para permiso B y CAP profesional.<\/strong><\/p>\n<\/div><div style=\"text-align:center;\"><a class=\"fusion-button button-3d fusion-button-default-size button-default fusion-button-default button-2 fusion-button-default-span \" target=\"_blank\" rel=\"noopener noreferrer\" href=\"https:\/\/www.matferline.com\/validar_ae.php?acceso=benet\"><span class=\"fusion-button-text awb-button__text awb-button__text--default\">\u00a1Accede!!<\/span><\/a><\/div><\/div><\/div><div class=\"fusion-layout-column fusion_builder_column fusion-builder-column-5 fusion_builder_column_1_2 1_2 fusion-flex-column\" style=\"--awb-bg-size:cover;--awb-width-large:50%;--awb-margin-top-large:0px;--awb-spacing-right-large:3.84%;--awb-margin-bottom-large:50px;--awb-spacing-left-large:3.84%;--awb-width-medium:50%;--awb-order-medium:0;--awb-spacing-right-medium:3.84%;--awb-spacing-left-medium:3.84%;--awb-width-small:100%;--awb-order-small:0;--awb-spacing-right-small:1.92%;--awb-spacing-left-small:1.92%;\" data-scroll-devices=\"small-visibility,medium-visibility,large-visibility\"><div class=\"fusion-column-wrapper fusion-column-has-shadow fusion-flex-justify-content-flex-start fusion-content-layout-column\"><div class=\"fusion-image-element \" style=\"text-align:center;--awb-max-width:450px;--awb-caption-title-font-family:var(--h2_typography-font-family);--awb-caption-title-font-weight:var(--h2_typography-font-weight);--awb-caption-title-font-style:var(--h2_typography-font-style);--awb-caption-title-size:var(--h2_typography-font-size);--awb-caption-title-transform:var(--h2_typography-text-transform);--awb-caption-title-line-height:var(--h2_typography-line-height);--awb-caption-title-letter-spacing:var(--h2_typography-letter-spacing);\"><span class=\" fusion-imageframe imageframe-none imageframe-4 hover-type-none\"><a class=\"fusion-no-lightbox\" href=\"https:\/\/alumno.examentrafico.com\/#\/login\/0\" target=\"_blank\" aria-label=\"Cloud_Auto_Green\" rel=\"noopener noreferrer\"><img decoding=\"async\" width=\"500\" height=\"353\" src=\"https:\/\/www.benet.cat\/wp-content\/uploads\/2023\/10\/Cloud_Auto_Green.jpg\" alt class=\"img-responsive wp-image-2762\" srcset=\"https:\/\/www.benet.cat\/wp-content\/uploads\/2023\/10\/Cloud_Auto_Green-200x141.jpg 200w, https:\/\/www.benet.cat\/wp-content\/uploads\/2023\/10\/Cloud_Auto_Green-400x282.jpg 400w, https:\/\/www.benet.cat\/wp-content\/uploads\/2023\/10\/Cloud_Auto_Green.jpg 500w\" sizes=\"(max-width: 640px) 100vw, 500px\" \/><\/a><\/span><\/div><div class=\"fusion-text fusion-text-8\" style=\"--awb-line-height:1.2;\"><h2 style=\"text-align: center;\"><span style=\"font-size: 24pt;\">Clases en l\u00ednea de todos los permisos.<\/span><\/h2>\n<\/div><div class=\"fusion-text fusion-text-9\" style=\"--awb-font-size:20px;--awb-line-height:1.2;--awb-text-color:var(--awb-color5);--awb-margin-top:-25px;--awb-text-font-family:&quot;Bree Serif&quot;;--awb-text-font-style:normal;--awb-text-font-weight:400;\"><p style=\"text-align: center;\">Repasa los contenidos y haz tests de cualquier permiso.<\/p>\n<\/div><div class=\"fusion-text fusion-text-10\" style=\"--awb-line-height:1.2;\"><h2 style=\"text-align: center;\"><span style=\"font-size: 24pt;\">Visita el aula virtual.<\/span><\/h2>\n<\/div><div class=\"fusion-text fusion-text-11\" style=\"--awb-line-height:1.2;--awb-margin-top:-30px;\"><p style=\"text-align: center;\"><strong>*Aqu\u00ed encontrar\u00e1s cursos y test de todos los permisos.<\/strong><\/p>\n<\/div><div style=\"text-align:center;\"><a class=\"fusion-button button-3d fusion-button-default-size button-default fusion-button-default button-3 fusion-button-default-span \" target=\"_blank\" rel=\"noopener noreferrer\" href=\"https:\/\/alumno.examentrafico.com\/#\/login\/0\"><span class=\"fusion-button-text awb-button__text awb-button__text--default\">\u00a1Accede!!<\/span><\/a><\/div><\/div><\/div><\/div><\/div><div class=\"fusion-fullwidth fullwidth-box fusion-builder-row-3 fusion-flex-container nonhundred-percent-fullwidth non-hundred-percent-height-scrolling\" style=\"--awb-border-radius-top-left:0px;--awb-border-radius-top-right:0px;--awb-border-radius-bottom-right:0px;--awb-border-radius-bottom-left:0px;--awb-padding-top:25px;--awb-flex-wrap:wrap;\" ><div class=\"fusion-builder-row fusion-row fusion-flex-align-items-flex-start fusion-flex-content-wrap\" style=\"max-width:1248px;margin-left: calc(-4% \/ 2 );margin-right: calc(-4% \/ 2 );\"><div class=\"fusion-layout-column fusion_builder_column fusion-builder-column-6 fusion_builder_column_1_1 1_1 fusion-flex-column\" style=\"--awb-bg-size:cover;--awb-width-large:100%;--awb-margin-top-large:0px;--awb-spacing-right-large:1.92%;--awb-margin-bottom-large:20px;--awb-spacing-left-large:1.92%;--awb-width-medium:100%;--awb-order-medium:0;--awb-spacing-right-medium:1.92%;--awb-spacing-left-medium:1.92%;--awb-width-small:100%;--awb-order-small:0;--awb-spacing-right-small:1.92%;--awb-spacing-left-small:1.92%;\"><div class=\"fusion-column-wrapper fusion-column-has-shadow fusion-flex-justify-content-flex-start fusion-content-layout-column\"><div class=\"fusion-image-element \" style=\"text-align:center;--awb-caption-title-font-family:var(--h2_typography-font-family);--awb-caption-title-font-weight:var(--h2_typography-font-weight);--awb-caption-title-font-style:var(--h2_typography-font-style);--awb-caption-title-size:var(--h2_typography-font-size);--awb-caption-title-transform:var(--h2_typography-text-transform);--awb-caption-title-line-height:var(--h2_typography-line-height);--awb-caption-title-letter-spacing:var(--h2_typography-letter-spacing);\"><span class=\" fusion-imageframe imageframe-none imageframe-5 hover-type-none\"><img decoding=\"async\" width=\"600\" height=\"300\" title=\"Slider_Quality\" src=\"http:\/\/www.benet.cat\/wp-content\/uploads\/2021\/09\/Slider_Quality.jpg\" alt class=\"img-responsive wp-image-2160\" srcset=\"https:\/\/www.benet.cat\/wp-content\/uploads\/2021\/09\/Slider_Quality-200x100.jpg 200w, https:\/\/www.benet.cat\/wp-content\/uploads\/2021\/09\/Slider_Quality-400x200.jpg 400w, https:\/\/www.benet.cat\/wp-content\/uploads\/2021\/09\/Slider_Quality.jpg 600w\" sizes=\"(max-width: 640px) 100vw, 600px\" \/><\/span><\/div><div class=\"fusion-text fusion-text-12 fusion-text-no-margin\" style=\"--awb-text-color:#ffffff;--awb-margin-top:20px;--awb-margin-bottom:50px;\"><h2 style=\"text-align: center;\"><span style=\"color: #ffffff; font-size: 24pt;\">\u00a1CALIDAD DE ENSE\u00d1ANZA MUY CERCA DE TI!<\/span><\/h2>\n<\/div><\/div><\/div><\/div><\/div><\/p>\n","protected":false},"excerpt":{"rendered":"","protected":false},"author":5,"featured_media":0,"parent":0,"menu_order":1,"comment_status":"closed","ping_status":"closed","template":"","meta":{"footnotes":""},"class_list":["post-2894","page","type-page","status-publish","hentry"],"_links":{"self":[{"href":"https:\/\/www.benet.cat\/es\/wp-json\/wp\/v2\/pages\/2894","targetHints":{"allow":["GET"]}}],"collection":[{"href":"https:\/\/www.benet.cat\/es\/wp-json\/wp\/v2\/pages"}],"about":[{"href":"https:\/\/www.benet.cat\/es\/wp-json\/wp\/v2\/types\/page"}],"author":[{"embeddable":true,"href":"https:\/\/www.benet.cat\/es\/wp-json\/wp\/v2\/users\/5"}],"replies":[{"embeddable":true,"href":"https:\/\/www.benet.cat\/es\/wp-json\/wp\/v2\/comments?post=2894"}],"version-history":[{"count":7,"href":"https:\/\/www.benet.cat\/es\/wp-json\/wp\/v2\/pages\/2894\/revisions"}],"predecessor-version":[{"id":2911,"href":"https:\/\/www.benet.cat\/es\/wp-json\/wp\/v2\/pages\/2894\/revisions\/2911"}],"wp:attachment":[{"href":"https:\/\/www.benet.cat\/es\/wp-json\/wp\/v2\/media?parent=2894"}],"curies":[{"name":"wp","href":"https:\/\/api.w.org\/{rel}","templated":true}]}}