{"id":2319,"date":"2021-11-25T18:37:04","date_gmt":"2021-11-25T16:37:04","guid":{"rendered":"http:\/\/www.benet.cat\/formacion-practica\/"},"modified":"2021-11-26T19:44:38","modified_gmt":"2021-11-26T18:44:38","slug":"formacion-practica","status":"publish","type":"page","link":"https:\/\/www.benet.cat\/es\/formacion-practica\/","title":{"rendered":"Formaci\u00f3n pr\u00e1ctica"},"content":{"rendered":"<p><div class=\"fusion-fullwidth fullwidth-box fusion-builder-row-1 fusion-flex-container nonhundred-percent-fullwidth non-hundred-percent-height-scrolling\" style=\"--awb-border-radius-top-left:0px;--awb-border-radius-top-right:0px;--awb-border-radius-bottom-right:0px;--awb-border-radius-bottom-left:0px;--awb-margin-top:50px;--awb-margin-bottom:50px;--awb-flex-wrap:wrap;\" ><div class=\"fusion-builder-row fusion-row fusion-flex-align-items-flex-start fusion-flex-content-wrap\" style=\"max-width:1248px;margin-left: calc(-4% \/ 2 );margin-right: calc(-4% \/ 2 );\"><div class=\"fusion-layout-column fusion_builder_column fusion-builder-column-0 fusion_builder_column_1_3 1_3 fusion-flex-column\" style=\"--awb-bg-size:cover;--awb-width-large:33.333333333333%;--awb-margin-top-large:0px;--awb-spacing-right-large:5.76%;--awb-margin-bottom-large:0px;--awb-spacing-left-large:7.68%;--awb-width-medium:33.333333333333%;--awb-spacing-right-medium:5.76%;--awb-spacing-left-medium:7.68%;--awb-width-small:100%;--awb-spacing-right-small:1.92%;--awb-spacing-left-small:1.92%;\"><div class=\"fusion-column-wrapper fusion-flex-justify-content-flex-start fusion-content-layout-column\"><div class=\"fusion-image-element \" style=\"text-align:center;--awb-caption-title-font-family:var(--h2_typography-font-family);--awb-caption-title-font-weight:var(--h2_typography-font-weight);--awb-caption-title-font-style:var(--h2_typography-font-style);--awb-caption-title-size:var(--h2_typography-font-size);--awb-caption-title-transform:var(--h2_typography-text-transform);--awb-caption-title-line-height:var(--h2_typography-line-height);--awb-caption-title-letter-spacing:var(--h2_typography-letter-spacing);\"><span class=\" fusion-imageframe imageframe-none imageframe-1 hover-type-none\"><img decoding=\"async\" width=\"400\" height=\"567\" title=\"Clau_Auto_400\" src=\"http:\/\/www.benet.cat\/wp-content\/uploads\/2021\/10\/Clau_Auto_400.jpg\" alt class=\"img-responsive wp-image-2290\" srcset=\"https:\/\/www.benet.cat\/wp-content\/uploads\/2021\/10\/Clau_Auto_400-200x284.jpg 200w, https:\/\/www.benet.cat\/wp-content\/uploads\/2021\/10\/Clau_Auto_400.jpg 400w\" sizes=\"(max-width: 640px) 100vw, 400px\" \/><\/span><\/div><\/div><\/div><div class=\"fusion-layout-column fusion_builder_column fusion-builder-column-1 fusion_builder_column_2_3 2_3 fusion-flex-column\" style=\"--awb-bg-size:cover;--awb-width-large:66.666666666667%;--awb-margin-top-large:0px;--awb-spacing-right-large:2.88%;--awb-margin-bottom-large:0px;--awb-spacing-left-large:3.84%;--awb-width-medium:66.666666666667%;--awb-spacing-right-medium:2.88%;--awb-spacing-left-medium:3.84%;--awb-width-small:100%;--awb-spacing-right-small:1.92%;--awb-spacing-left-small:1.92%;\"><div class=\"fusion-column-wrapper fusion-flex-justify-content-flex-start fusion-content-layout-column\"><div class=\"fusion-text fusion-text-1\"><h1 style=\"text-align: left;\">\u00a1Te ense\u00f1amos a conducir y a aprobar!<\/h1>\n<p style=\"text-align: left;\"><span style=\"font-size: 22px;\" data-fusion-font=\"true\"><span style=\"font-size: 16px;\" data-fusion-font=\"true\">La ense\u00f1anza se basa tanto en conducci\u00f3n en poblado como en v\u00edas interurbanas, implantando m\u00e9todos de conducci\u00f3n segura combinados con la pr\u00e1ctica de recorridos<br \/>\nreales de ex\u00e1menes. Tambi\u00e9n se realizan simulacros de ex\u00e1menes durante la formaci\u00f3n para que te familiarices con la situaci\u00f3n del examen antes de examinarse de verdad.<\/span><\/span><\/p>\n<\/div><div class=\"fusion-text fusion-text-2\"><h1 style=\"text-align: left;\">Conduce desde el primer d\u00eda<\/h1>\n<p style=\"text-align: left;\"><span style=\"background-color: rgba(255, 255, 255, 0); color: var(--body_typography-color); font-family: var(--body_typography-font-family); font-size: var(--body_typography-font-size); font-style: var(--body_typography-font-style,normal); font-weight: var(--body_typography-font-weight); letter-spacing: var(--body_typography-letter-spacing);\">Te ayudamos a sacarte el carnet de conducir en el menor tiempo posible con un resultado satisfactorio.<br \/>\n<\/span>Las pr\u00e1cticas se realizan en veh\u00edculos c\u00f3modos, seguros, con las revisiones realizadas siguiendo siempre las indicaciones de los fabricantes.<br \/>\nTambi\u00e9n aplicamos todos los protocolos anti-Covid que marcan la DGT, el SCT, la CNAE y la FAC.<\/p>\n<\/div><div class=\"fusion-text fusion-text-3\"><h1 style=\"text-align: left;\">Tu profesor de principio a fin!<\/h1>\n<p style=\"text-align: left;\"><span style=\"background-color: rgba(255, 255, 255, 0); color: var(--body_typography-color); font-family: var(--body_typography-font-family); font-size: var(--body_typography-font-size); font-style: var(--body_typography-font-style,normal); font-weight: var(--body_typography-font-weight); letter-spacing: var(--body_typography-letter-spacing);\">Nuestros profesores titulados y experimentados, te acompa\u00f1ar\u00e1n durante toda la formaci\u00f3n sin necesidad de tener que reservar las clases online y con la certeza de continuar la formaci\u00f3n con el mismo profesor durante todo el aprendizaje, lo que facilita la creaci\u00f3n de objetivos a corto y largo plazo, individualizados por cada alumno.<\/span><\/p>\n<p style=\"text-align: left;\">Disponemos de horarios flexibles ma\u00f1anas y tardes para adaptarnos a tus necesidades.<br \/>\nNosotros te ense\u00f1amos algo m\u00e1s que aprobar, te ense\u00f1amos a conducir.<br \/>\n<span style=\"background-color: rgba(255, 255, 255, 0); color: var(--body_typography-color); font-family: var(--body_typography-font-family); font-size: var(--body_typography-font-size); font-style: var(--body_typography-font-style,normal); font-weight: var(--body_typography-font-weight); letter-spacing: var(--body_typography-letter-spacing);\">Flexibilidad y optimizaci\u00f3n.<\/span><\/p>\n<\/div><div style=\"text-align:left;\"><a class=\"fusion-button button-3d fusion-button-default-size button-default fusion-button-default button-1 fusion-button-default-span fusion-button-default-type\" style=\"--button_margin-top:50px;\" target=\"_self\" href=\"http:\/\/www.benet.cat\/es\/contacto\/\"><span class=\"fusion-button-text awb-button__text awb-button__text--default\">\u00bfTienes alguna pregunta?<\/span><\/a><\/div><\/div><\/div><\/div><\/div><div class=\"fusion-fullwidth fullwidth-box fusion-builder-row-2 fusion-flex-container nonhundred-percent-fullwidth non-hundred-percent-height-scrolling\" style=\"--awb-border-radius-top-left:0px;--awb-border-radius-top-right:0px;--awb-border-radius-bottom-right:0px;--awb-border-radius-bottom-left:0px;--awb-padding-top:25px;--awb-flex-wrap:wrap;\" ><div class=\"fusion-builder-row fusion-row fusion-flex-align-items-flex-start fusion-flex-content-wrap\" style=\"max-width:1248px;margin-left: calc(-4% \/ 2 );margin-right: calc(-4% \/ 2 );\"><div class=\"fusion-layout-column fusion_builder_column fusion-builder-column-2 fusion_builder_column_1_1 1_1 fusion-flex-column\" style=\"--awb-bg-size:cover;--awb-width-large:100%;--awb-margin-top-large:0px;--awb-spacing-right-large:1.92%;--awb-margin-bottom-large:20px;--awb-spacing-left-large:1.92%;--awb-width-medium:100%;--awb-order-medium:0;--awb-spacing-right-medium:1.92%;--awb-spacing-left-medium:1.92%;--awb-width-small:100%;--awb-order-small:0;--awb-spacing-right-small:1.92%;--awb-spacing-left-small:1.92%;\"><div class=\"fusion-column-wrapper fusion-column-has-shadow fusion-flex-justify-content-flex-start fusion-content-layout-column\"><div class=\"fusion-image-element \" style=\"text-align:center;--awb-caption-title-font-family:var(--h2_typography-font-family);--awb-caption-title-font-weight:var(--h2_typography-font-weight);--awb-caption-title-font-style:var(--h2_typography-font-style);--awb-caption-title-size:var(--h2_typography-font-size);--awb-caption-title-transform:var(--h2_typography-text-transform);--awb-caption-title-line-height:var(--h2_typography-line-height);--awb-caption-title-letter-spacing:var(--h2_typography-letter-spacing);\"><span class=\" fusion-imageframe imageframe-none imageframe-2 hover-type-none\"><img decoding=\"async\" width=\"600\" height=\"300\" title=\"Slider_Quality\" src=\"http:\/\/www.benet.cat\/wp-content\/uploads\/2021\/09\/Slider_Quality.jpg\" alt class=\"img-responsive wp-image-2160\" srcset=\"https:\/\/www.benet.cat\/wp-content\/uploads\/2021\/09\/Slider_Quality-200x100.jpg 200w, https:\/\/www.benet.cat\/wp-content\/uploads\/2021\/09\/Slider_Quality-400x200.jpg 400w, https:\/\/www.benet.cat\/wp-content\/uploads\/2021\/09\/Slider_Quality.jpg 600w\" sizes=\"(max-width: 640px) 100vw, 600px\" \/><\/span><\/div><div class=\"fusion-text fusion-text-4 fusion-text-no-margin\" style=\"--awb-text-color:#ffffff;--awb-margin-top:20px;--awb-margin-bottom:50px;\"><h2 style=\"text-align: center;\"><span style=\"color: #ffffff; font-size: 24pt;\">\u00a1CALIDAD DE ENSE\u00d1ANZA MUY CERCA DE TI!<\/span><\/h2>\n<\/div><\/div><\/div><\/div><\/div><\/p>\n","protected":false},"excerpt":{"rendered":"","protected":false},"author":5,"featured_media":0,"parent":0,"menu_order":2,"comment_status":"closed","ping_status":"closed","template":"100-width.php","meta":{"footnotes":""},"class_list":["post-2319","page","type-page","status-publish","hentry"],"_links":{"self":[{"href":"https:\/\/www.benet.cat\/es\/wp-json\/wp\/v2\/pages\/2319","targetHints":{"allow":["GET"]}}],"collection":[{"href":"https:\/\/www.benet.cat\/es\/wp-json\/wp\/v2\/pages"}],"about":[{"href":"https:\/\/www.benet.cat\/es\/wp-json\/wp\/v2\/types\/page"}],"author":[{"embeddable":true,"href":"https:\/\/www.benet.cat\/es\/wp-json\/wp\/v2\/users\/5"}],"replies":[{"embeddable":true,"href":"https:\/\/www.benet.cat\/es\/wp-json\/wp\/v2\/comments?post=2319"}],"version-history":[{"count":6,"href":"https:\/\/www.benet.cat\/es\/wp-json\/wp\/v2\/pages\/2319\/revisions"}],"predecessor-version":[{"id":2494,"href":"https:\/\/www.benet.cat\/es\/wp-json\/wp\/v2\/pages\/2319\/revisions\/2494"}],"wp:attachment":[{"href":"https:\/\/www.benet.cat\/es\/wp-json\/wp\/v2\/media?parent=2319"}],"curies":[{"name":"wp","href":"https:\/\/api.w.org\/{rel}","templated":true}]}}