{"id":1624,"date":"2012-06-12T09:54:48","date_gmt":"2012-06-12T09:54:48","guid":{"rendered":"http:\/\/www.benet.cat\/cursos\/adr\/"},"modified":"2021-11-25T23:58:03","modified_gmt":"2021-11-25T21:58:03","slug":"adr","status":"publish","type":"page","link":"https:\/\/www.benet.cat\/es\/cursos\/adr\/","title":{"rendered":"ADR"},"content":{"rendered":"<p><div class=\"fusion-fullwidth fullwidth-box fusion-builder-row-1 fusion-flex-container nonhundred-percent-fullwidth non-hundred-percent-height-scrolling\" style=\"--awb-border-radius-top-left:0px;--awb-border-radius-top-right:0px;--awb-border-radius-bottom-right:0px;--awb-border-radius-bottom-left:0px;--awb-margin-bottom:50px;--awb-flex-wrap:wrap;\" ><div class=\"fusion-builder-row fusion-row fusion-flex-align-items-flex-start fusion-flex-content-wrap\" style=\"max-width:1248px;margin-left: calc(-4% \/ 2 );margin-right: calc(-4% \/ 2 );\"><div class=\"fusion-layout-column fusion_builder_column fusion-builder-column-0 fusion_builder_column_1_1 1_1 fusion-flex-column\" style=\"--awb-bg-size:cover;--awb-width-large:100%;--awb-margin-top-large:0px;--awb-spacing-right-large:1.92%;--awb-margin-bottom-large:0px;--awb-spacing-left-large:1.92%;--awb-width-medium:100%;--awb-spacing-right-medium:1.92%;--awb-spacing-left-medium:1.92%;--awb-width-small:100%;--awb-spacing-right-small:1.92%;--awb-spacing-left-small:1.92%;\"><div class=\"fusion-column-wrapper fusion-flex-justify-content-flex-start fusion-content-layout-column\"><div class=\"fusion-text fusion-text-1\"><h1>ADR <span style=\"font-size: 18pt;\">(transporte de mercanc\u00edas peligrosas)<\/span><\/h1>\n<h2>\u00a1Hacemos la obtenci\u00f3n y renovaci\u00f3n de todas las especialidades!<\/h2>\n<p>Cursos destinados a aquellos conductores que transporten o quieran transportar mercanc\u00edas peligrosas y que deben obtener o renovar la autorizaci\u00f3n (5 a\u00f1os) para conducir legalmente estos veh\u00edculos.<\/p>\n<\/div><div class=\"fusion-image-element \" style=\"text-align:center;--awb-margin-bottom:-10px;--awb-max-width:300px;--awb-caption-title-font-family:var(--h2_typography-font-family);--awb-caption-title-font-weight:var(--h2_typography-font-weight);--awb-caption-title-font-style:var(--h2_typography-font-style);--awb-caption-title-size:var(--h2_typography-font-size);--awb-caption-title-transform:var(--h2_typography-text-transform);--awb-caption-title-line-height:var(--h2_typography-line-height);--awb-caption-title-letter-spacing:var(--h2_typography-letter-spacing);\"><span class=\" fusion-imageframe imageframe-none imageframe-1 hover-type-none\"><img decoding=\"async\" width=\"350\" height=\"350\" title=\"Icona_Senyal_ADR_Basic\" src=\"http:\/\/www.benet.cat\/wp-content\/uploads\/2021\/06\/Icona_Senyal_ADR_Basic.jpg\" alt class=\"img-responsive wp-image-2022\" srcset=\"https:\/\/www.benet.cat\/wp-content\/uploads\/2021\/06\/Icona_Senyal_ADR_Basic-200x200.jpg 200w, https:\/\/www.benet.cat\/wp-content\/uploads\/2021\/06\/Icona_Senyal_ADR_Basic.jpg 350w\" sizes=\"(max-width: 640px) 100vw, 350px\" \/><\/span><\/div><div class=\"fusion-text fusion-text-2\"><h2 style=\"text-align: center;\">ADR B\u00e1sico<\/h2>\n<p style=\"text-align: center;\">Autoriza a transportar mercanc\u00edas peligrosas (excepto explosivos y radiactivos) en veh\u00edculos que no sean cisternas.<br \/>\n(Es necesario para la obtenci\u00f3n de las dem\u00e1s especialidades).<\/p>\n<\/div><div class=\"fusion-image-element \" style=\"text-align:center;--awb-margin-bottom:-10px;--awb-max-width:300px;--awb-caption-title-font-family:var(--h2_typography-font-family);--awb-caption-title-font-weight:var(--h2_typography-font-weight);--awb-caption-title-font-style:var(--h2_typography-font-style);--awb-caption-title-size:var(--h2_typography-font-size);--awb-caption-title-transform:var(--h2_typography-text-transform);--awb-caption-title-line-height:var(--h2_typography-line-height);--awb-caption-title-letter-spacing:var(--h2_typography-letter-spacing);\"><span class=\" fusion-imageframe imageframe-none imageframe-2 hover-type-none\"><img decoding=\"async\" width=\"350\" height=\"350\" title=\"Icona_Senyal_ADR_Cisternas\" src=\"http:\/\/www.benet.cat\/wp-content\/uploads\/2021\/06\/Icona_Senyal_ADR_Cisternas.jpg\" alt class=\"img-responsive wp-image-2028\" srcset=\"https:\/\/www.benet.cat\/wp-content\/uploads\/2021\/06\/Icona_Senyal_ADR_Cisternas-200x200.jpg 200w, https:\/\/www.benet.cat\/wp-content\/uploads\/2021\/06\/Icona_Senyal_ADR_Cisternas.jpg 350w\" sizes=\"(max-width: 640px) 100vw, 350px\" \/><\/span><\/div><div class=\"fusion-text fusion-text-3\"><h2 style=\"text-align: center;\"><strong>ADR Cisternas<\/strong><\/h2>\n<p style=\"text-align: center;\">Autoriza a transportar mercanc\u00edas peligrosas en veh\u00edculos cisterna.<\/p>\n<\/div><div class=\"fusion-image-element \" style=\"text-align:center;--awb-margin-bottom:-10px;--awb-max-width:300px;--awb-caption-title-font-family:var(--h2_typography-font-family);--awb-caption-title-font-weight:var(--h2_typography-font-weight);--awb-caption-title-font-style:var(--h2_typography-font-style);--awb-caption-title-size:var(--h2_typography-font-size);--awb-caption-title-transform:var(--h2_typography-text-transform);--awb-caption-title-line-height:var(--h2_typography-line-height);--awb-caption-title-letter-spacing:var(--h2_typography-letter-spacing);\"><span class=\" fusion-imageframe imageframe-none imageframe-3 hover-type-none\"><img decoding=\"async\" width=\"350\" height=\"350\" title=\"Icona_Senyal_ADR_Explosion\" src=\"http:\/\/www.benet.cat\/wp-content\/uploads\/2021\/06\/Icona_Senyal_ADR_Explosion.jpg\" alt class=\"img-responsive wp-image-2024\" srcset=\"https:\/\/www.benet.cat\/wp-content\/uploads\/2021\/06\/Icona_Senyal_ADR_Explosion-200x200.jpg 200w, https:\/\/www.benet.cat\/wp-content\/uploads\/2021\/06\/Icona_Senyal_ADR_Explosion.jpg 350w\" sizes=\"(max-width: 640px) 100vw, 350px\" \/><\/span><\/div><div class=\"fusion-text fusion-text-4\"><h2 style=\"text-align: center;\"><strong>ADR Explosivos<\/strong><\/h2>\n<p style=\"text-align: center;\">Autoriza a transportar materias explosivas.<\/p>\n<\/div><div class=\"fusion-image-element \" style=\"text-align:center;--awb-margin-bottom:-10px;--awb-max-width:300px;--awb-caption-title-font-family:var(--h2_typography-font-family);--awb-caption-title-font-weight:var(--h2_typography-font-weight);--awb-caption-title-font-style:var(--h2_typography-font-style);--awb-caption-title-size:var(--h2_typography-font-size);--awb-caption-title-transform:var(--h2_typography-text-transform);--awb-caption-title-line-height:var(--h2_typography-line-height);--awb-caption-title-letter-spacing:var(--h2_typography-letter-spacing);\"><span class=\" fusion-imageframe imageframe-none imageframe-4 hover-type-none\"><img decoding=\"async\" width=\"350\" height=\"350\" title=\"Icona_Senyal_ADR_Radioactiu\" src=\"http:\/\/www.benet.cat\/wp-content\/uploads\/2021\/06\/Icona_Senyal_ADR_Radioactiu.jpg\" alt class=\"img-responsive wp-image-2026\" srcset=\"https:\/\/www.benet.cat\/wp-content\/uploads\/2021\/06\/Icona_Senyal_ADR_Radioactiu-200x200.jpg 200w, https:\/\/www.benet.cat\/wp-content\/uploads\/2021\/06\/Icona_Senyal_ADR_Radioactiu.jpg 350w\" sizes=\"(max-width: 640px) 100vw, 350px\" \/><\/span><\/div><div class=\"fusion-text fusion-text-5\"><h2 style=\"text-align: center;\"><strong>ADR Radioactivas<\/strong><\/h2>\n<p style=\"text-align: center;\">Autoriza a transportar materias radioactivas.<\/p>\n<p style=\"text-align: justify; font-size: 40px; color: #99cc00;\" data-fusion-font=\"true\"><b style=\"font-family: 'Bree Serif'; line-height: 44px;\" data-fusion-font=\"true\" data-fusion-google-font=\"Bree Serif\" data-fusion-google-variant=\"400\">\u00a1Importante!<\/b><\/p>\n<p style=\"text-align: justify; font-size: 16px;\" data-fusion-font=\"true\">La autorizaci\u00f3n ADR tiene una duraci\u00f3n de 5 a\u00f1os y no puede dejarse caducar. Pasada la fecha de caducidad se pierde la autorizaci\u00f3n y deber\u00e1 volver a obtenerse.<\/p>\n<p style=\"text-align: justify; font-size: 16px;\" data-fusion-font=\"true\">Puede renovarse dentro del cuarto a\u00f1o.<\/p>\n<\/div><div style=\"text-align:center;\"><a class=\"fusion-button button-3d fusion-button-default-size button-default fusion-button-default button-1 fusion-button-default-span fusion-button-default-type\" style=\"--button_margin-top:50px;--button_margin-bottom:50px;\" target=\"_self\" href=\"http:\/\/www.benet.cat\/es\/contacto\/\"><span class=\"fusion-button-text awb-button__text awb-button__text--default\">\u00bfTienes alguna pregunta?<\/span><\/a><\/div><div class=\"fusion-image-element \" style=\"text-align:center;--awb-margin-top:25px;--awb-max-width:300px;--awb-caption-title-font-family:var(--h2_typography-font-family);--awb-caption-title-font-weight:var(--h2_typography-font-weight);--awb-caption-title-font-style:var(--h2_typography-font-style);--awb-caption-title-size:var(--h2_typography-font-size);--awb-caption-title-transform:var(--h2_typography-text-transform);--awb-caption-title-line-height:var(--h2_typography-line-height);--awb-caption-title-letter-spacing:var(--h2_typography-letter-spacing);\"><span class=\" fusion-imageframe imageframe-none imageframe-5 hover-type-none\"><a class=\"fusion-no-lightbox\" href=\"http:\/\/www.benet.cat\/es\/cursos\/\" target=\"_self\" aria-label=\"Bt_Cursos\"><img decoding=\"async\" width=\"350\" height=\"150\" src=\"http:\/\/www.benet.cat\/wp-content\/uploads\/2021\/01\/Bt_Cursos.jpg\" alt class=\"img-responsive wp-image-1496\" srcset=\"https:\/\/www.benet.cat\/wp-content\/uploads\/2021\/01\/Bt_Cursos-200x86.jpg 200w, https:\/\/www.benet.cat\/wp-content\/uploads\/2021\/01\/Bt_Cursos.jpg 350w\" sizes=\"(max-width: 640px) 100vw, 350px\" \/><\/a><\/span><\/div><\/div><\/div><\/div><\/div><div class=\"fusion-fullwidth fullwidth-box fusion-builder-row-2 fusion-flex-container nonhundred-percent-fullwidth non-hundred-percent-height-scrolling\" style=\"--awb-border-radius-top-left:0px;--awb-border-radius-top-right:0px;--awb-border-radius-bottom-right:0px;--awb-border-radius-bottom-left:0px;--awb-margin-top:50px;--awb-margin-bottom:50px;--awb-flex-wrap:wrap;\" ><div class=\"fusion-builder-row fusion-row fusion-flex-align-items-flex-start fusion-flex-content-wrap\" style=\"max-width:1248px;margin-left: calc(-4% \/ 2 );margin-right: calc(-4% \/ 2 );\"><div class=\"fusion-layout-column fusion_builder_column fusion-builder-column-1 fusion_builder_column_1_1 1_1 fusion-flex-column\" style=\"--awb-bg-size:cover;--awb-width-large:100%;--awb-margin-top-large:0px;--awb-spacing-right-large:1.92%;--awb-margin-bottom-large:0px;--awb-spacing-left-large:1.92%;--awb-width-medium:100%;--awb-spacing-right-medium:1.92%;--awb-spacing-left-medium:1.92%;--awb-width-small:100%;--awb-spacing-right-small:1.92%;--awb-spacing-left-small:1.92%;\"><div class=\"fusion-column-wrapper fusion-flex-justify-content-flex-start fusion-content-layout-column\"><\/div><\/div><\/div><\/div><\/p>\n","protected":false},"excerpt":{"rendered":"","protected":false},"author":5,"featured_media":0,"parent":1342,"menu_order":1,"comment_status":"closed","ping_status":"closed","template":"","meta":{"footnotes":""},"class_list":["post-1624","page","type-page","status-publish","hentry"],"_links":{"self":[{"href":"https:\/\/www.benet.cat\/es\/wp-json\/wp\/v2\/pages\/1624","targetHints":{"allow":["GET"]}}],"collection":[{"href":"https:\/\/www.benet.cat\/es\/wp-json\/wp\/v2\/pages"}],"about":[{"href":"https:\/\/www.benet.cat\/es\/wp-json\/wp\/v2\/types\/page"}],"author":[{"embeddable":true,"href":"https:\/\/www.benet.cat\/es\/wp-json\/wp\/v2\/users\/5"}],"replies":[{"embeddable":true,"href":"https:\/\/www.benet.cat\/es\/wp-json\/wp\/v2\/comments?post=1624"}],"version-history":[{"count":19,"href":"https:\/\/www.benet.cat\/es\/wp-json\/wp\/v2\/pages\/1624\/revisions"}],"predecessor-version":[{"id":2397,"href":"https:\/\/www.benet.cat\/es\/wp-json\/wp\/v2\/pages\/1624\/revisions\/2397"}],"up":[{"embeddable":true,"href":"https:\/\/www.benet.cat\/es\/wp-json\/wp\/v2\/pages\/1342"}],"wp:attachment":[{"href":"https:\/\/www.benet.cat\/es\/wp-json\/wp\/v2\/media?parent=1624"}],"curies":[{"name":"wp","href":"https:\/\/api.w.org\/{rel}","templated":true}]}}