{"id":1391,"date":"2019-08-19T17:07:13","date_gmt":"2019-08-19T17:07:13","guid":{"rendered":"http:\/\/www.benet.cat\/politica-de-privacidad\/"},"modified":"2022-03-30T17:35:28","modified_gmt":"2022-03-30T16:35:28","slug":"politica-de-privacidad","status":"publish","type":"page","link":"https:\/\/www.benet.cat\/es\/politica-de-privacidad\/","title":{"rendered":"Pol\u00edtica de privacitat"},"content":{"rendered":"<div class=\"fusion-fullwidth fullwidth-box fusion-builder-row-1 fusion-flex-container nonhundred-percent-fullwidth non-hundred-percent-height-scrolling\" style=\"--awb-border-radius-top-left:0px;--awb-border-radius-top-right:0px;--awb-border-radius-bottom-right:0px;--awb-border-radius-bottom-left:0px;--awb-margin-bottom:50px;--awb-flex-wrap:wrap;\" ><div class=\"fusion-builder-row fusion-row fusion-flex-align-items-flex-start fusion-flex-content-wrap\" style=\"max-width:1248px;margin-left: calc(-4% \/ 2 );margin-right: calc(-4% \/ 2 );\"><div class=\"fusion-layout-column fusion_builder_column fusion-builder-column-0 fusion_builder_column_1_1 1_1 fusion-flex-column\" style=\"--awb-bg-size:cover;--awb-width-large:100%;--awb-margin-top-large:0px;--awb-spacing-right-large:1.92%;--awb-margin-bottom-large:0px;--awb-spacing-left-large:1.92%;--awb-width-medium:100%;--awb-spacing-right-medium:1.92%;--awb-spacing-left-medium:1.92%;--awb-width-small:100%;--awb-spacing-right-small:1.92%;--awb-spacing-left-small:1.92%;\"><div class=\"fusion-column-wrapper fusion-flex-justify-content-flex-start fusion-content-layout-column\"><div class=\"fusion-text fusion-text-1\" style=\"--awb-text-transform:none;\"><h1 class=\"p1\">Pol\u00edtica de privacidad<\/h1>\n<p class=\"p2\">En BENET AUTOESCOLES nos preocupamos por la privacidad y la transparencia.<\/p>\n<p class=\"p3\"><b>\u00bfQui\u00e9n es el responsable del tratamiento de sus datos?<\/b><\/p>\n<p class=\"p2\">BENITO SOLEY LLARGUES<br \/>\n39011278N<br \/>\nRAMBLA NOVA, N\u00ba27 &#8211; 08100 &#8211; MOLLET DEL VALL\u00c9S &#8211; BARCELONA<br \/>\n938647125<br \/>\n<span class=\"s1\"><a href=\"mailto:aeborrellbenet@hotmail.com\">aeborrellbenet@hotmail.com<\/a><\/span><span class=\"s2\">\u00a0<\/span><\/p>\n<p class=\"p2\">A continuaci\u00f3n, le indicamos en detalle los tratamientos de datos personales que realizamos, as\u00ed como toda la informaci\u00f3n relativa a los mismos.<\/p>\n<p class=\"p5\"><b>Tratamiento de los datos de potenciales clientes y contactos<\/b><\/p>\n<ol class=\"ol1\">\n<li class=\"li5\"><b>\u00bfCon qu\u00e9 finalidad tratamos sus datos personales?<\/b><\/li>\n<\/ol>\n<p class=\"p2\">En BENITO SOLEY LLARGUES tratamos la informaci\u00f3n que nos facilitan las personas interesadas con el fin de realizar la gesti\u00f3n de potenciales clientes que se han interesado sobre nuestros productos y\/o servicios, as\u00ed como otros contactos comerciales y realizar, en su caso, el env\u00edo de comunicaciones promocionales inclusive por v\u00eda electr\u00f3nica. En el caso de que no facilite sus datos personales, no podremos cumplir con las finalidades descritas.<\/p>\n<p class=\"p2\">No se van a tomar decisiones automatizadas en base a los datos proporcionados.<\/p>\n<ol class=\"ol1\">\n<li class=\"li5\"><b>\u00bfPor cu\u00e1nto tiempo conservaremos sus datos?<\/b><\/li>\n<\/ol>\n<p class=\"p2\">Los datos se conservar\u00e1n mientras el interesado no solicite su supresi\u00f3n.<\/p>\n<ol class=\"ol1\">\n<li class=\"li5\"><b>\u00bfCu\u00e1l es la legitimaci\u00f3n para el tratamiento de sus datos?<\/b><\/li>\n<\/ol>\n<p class=\"p2\">Le indicamos la base legal para el tratamiento de sus datos:<\/p>\n<ul class=\"ul1\">\n<li class=\"li2\">Ejecuci\u00f3n de un contrato: Gesti\u00f3n de potenciales clientes que se han interesado sobre nuestros productos y\/o servicios. (RGPD, art. 6.1.b).<\/li>\n<li class=\"li2\">Consentimiento del interesado: Enviar comunicaciones promocionales, inclusive por v\u00eda electr\u00f3nica. (RGPD, art. 6.1.a, LSSICE art.21).<\/li>\n<li class=\"li2\">Inter\u00e9s leg\u00edtimo del Responsable: Gesti\u00f3n de los datos de contacto profesionales (LOPDGDD art.19, RGPD art. 6.1.f).<\/li>\n<\/ul>\n<ol class=\"ol1\">\n<li class=\"li5\"><b>\u00bfA qu\u00e9 destinatarios se comunicar\u00e1n sus datos?<\/b><\/li>\n<\/ol>\n<p class=\"p2\">No se ceder\u00e1n datos a terceros, salvo obligaci\u00f3n legal.<\/p>\n<ol class=\"ol1\">\n<li class=\"li5\"><b>Transferencias de datos a terceros pa\u00edses<\/b><\/li>\n<\/ol>\n<p class=\"p2\">No est\u00e1n previstas transferencias de datos a terceros pa\u00edses.<\/p>\n<ol class=\"ol1\">\n<li class=\"li5\"><b>\u00bfCu\u00e1les son sus derechos cuando nos facilita sus datos?<\/b><\/li>\n<\/ol>\n<p class=\"p2\">Cualquier persona tiene derecho a obtener confirmaci\u00f3n sobre si en BENITO SOLEY LLARGUES estamos tratando, o no, datos personales que les conciernan.<\/p>\n<p class=\"p2\">Las personas interesadas tienen derecho a acceder a sus datos personales, as\u00ed como a solicitar la rectificaci\u00f3n de los datos inexactos o, en su caso, solicitar su supresi\u00f3n cuando, entre otros motivos, los datos ya no sean necesarios para los fines que fueron recogidos. Igualmente tiene derecho a la portabilidad de sus datos.<\/p>\n<p class=\"p2\">En determinadas circunstancias, los interesados podr\u00e1n solicitar la limitaci\u00f3n del tratamiento de sus datos, en cuyo caso \u00fanicamente los conservaremos para el ejercicio o la defensa de reclamaciones.<\/p>\n<p class=\"p2\">En determinadas circunstancias y por motivos relacionados con su situaci\u00f3n particular, los interesados podr\u00e1n oponerse al tratamiento de sus datos. En este caso, BENITO SOLEY LLARGUES dejar\u00e1 de tratar los datos, salvo por motivos leg\u00edtimos imperiosos, o el ejercicio o la defensa de posibles reclamaciones.<\/p>\n<p class=\"p2\">Podr\u00e1 ejercitar materialmente sus derechos dirigi\u00e9ndose a la direcci\u00f3n del responsable del tratamiento<\/p>\n<p class=\"p2\">Cuando se realice el env\u00edo de comunicaciones comerciales utilizando como base jur\u00eddica el inter\u00e9s leg\u00edtimo del responsable, el interesado podr\u00e1 oponerse al tratamiento de sus datos con ese fin.<\/p>\n<p class=\"p2\">Si ha otorgado su consentimiento para alguna finalidad concreta, tiene derecho a retirar el consentimiento otorgado en cualquier momento, sin que ello afecte a la licitud del tratamiento basado en el consentimiento previo a su retirada.<\/p>\n<p class=\"p2\">En caso de que sienta vulnerados sus derechos en lo concerniente a la protecci\u00f3n de sus datos personales, especialmente cuando no haya obtenido satisfacci\u00f3n en el ejercicio de sus derechos, puede presentar una reclamaci\u00f3n ante la Autoridad de Control en materia de Protecci\u00f3n de Datos competente a trav\u00e9s de su sitio web: <a href=\"http:\/\/www.aepd.es\"><span class=\"s4\">www.aepd.es<\/span><\/a>.<\/p>\n<ol class=\"ol1\">\n<li class=\"li5\"><b>\u00bfC\u00f3mo hemos obtenido sus datos?<\/b><\/li>\n<\/ol>\n<p class=\"p2\">Los datos personales que tratamos en BENITO SOLEY LLARGUES proceden del propio interesado.<\/p>\n<p class=\"p2\">Las categor\u00edas de datos que se tratan son:<\/p>\n<ul class=\"ul1\">\n<li class=\"li2\">Datos identificativos.<\/li>\n<li class=\"li2\">Direcciones postales y electr\u00f3nicas.<\/li>\n<\/ul>\n<p class=\"p5\"><b>Redes Sociales<\/b><\/p>\n<p class=\"p2\">Si utiliza un nombre de usuario espec\u00edfico en una red social como su nombre de usuario de Facebook, Instagram o Twitter, Benet Autoescuelas registrar\u00e1 los datos disponibles en estas redes sociales y para lo que expresamente ha permitido la comunicaci\u00f3n a trav\u00e9s del aplicaci\u00f3n seleccionada.<\/p>\n<p class=\"p2\">BENITO SOLEY LARGAS en ocasiones facilita la publicaci\u00f3n de los datos (personales) a trav\u00e9s de las redes sociales como Instagram, Twitter y Facebook. Estos medios de comunicaci\u00f3n social tienen sus propias condiciones de uso que usted est\u00e1 obligado a tener presente y observar si los utiliza.<\/p>\n<p class=\"p2\">La publicaci\u00f3n en medios sociales puede tener consecuencias (no deseadas) incluida la imposibilidad de retirada en un breve tiempo de la distribuci\u00f3n de su privacidad o la de las personas con las que comparte datos. Debe tener presente estas consecuencias, para las que usted est\u00e1 tomando la decisi\u00f3n sobre la publicaci\u00f3n en estos medios. BENITO SOLEY LLARGUES no acepta ninguna responsabilidad en este sentido.<\/p>\n<p class=\"p5\"><b>Tratamiento de im\u00e1genes de alumnos con fines promocionales<\/b><\/p>\n<ol class=\"ol1\">\n<li class=\"li5\"><b>\u00bfCon qu\u00e9 finalidad tratamos sus datos personales?<\/b><\/li>\n<\/ol>\n<p class=\"p2\">En BENITO SOLEY LLARGUES tratamos la informaci\u00f3n que nos facilitan las personas interesadas con el fin de realizar la captaci\u00f3n, difusi\u00f3n y cesi\u00f3n de imagen y\/o v\u00eddeo de alumnos con fines promocionales para su publicaci\u00f3n en Internet (redes sociales, plataformas de video y sitios web), en las publicaciones de la entidad y otros medios de comunicaci\u00f3n. En el caso de que no facilite sus datos personales, no podremos cumplir con las finalidades descritas.<\/p>\n<p class=\"p2\">No se van a tomar decisiones automatizadas en base a los datos proporcionados.<\/p>\n<ol class=\"ol1\">\n<li class=\"li5\"><b>\u00bfPor cu\u00e1nto tiempo conservaremos sus datos?<\/b><\/li>\n<\/ol>\n<p class=\"p2\">Los datos se conservar\u00e1n mientras el interesado no solicite la supresi\u00f3n de los mismos.<\/p>\n<ol class=\"ol1\">\n<li class=\"li5\"><b>\u00bfCu\u00e1l es la legitimaci\u00f3n para el tratamiento de sus datos?<\/b><\/li>\n<\/ol>\n<p class=\"p2\">Le indicamos la base legal para el tratamiento de sus datos:<\/p>\n<ul class=\"ul1\">\n<li class=\"li2\">Consentimiento del interesado: Captaci\u00f3n, difusi\u00f3n y cesi\u00f3n de imagen y\/o v\u00eddeo con fines promocionales para su publicaci\u00f3n en redes sociales, plataformas de v\u00eddeo y sitios web, as\u00ed como en las publicaciones de la entidad y otros medios de comunicaci\u00f3n. (RGPD art. 6.1.a).<\/li>\n<\/ul>\n<ol class=\"ol1\">\n<li class=\"li5\"><b>\u00bfA qu\u00e9 destinatarios se comunicar\u00e1n sus datos?<\/b><\/li>\n<\/ol>\n<p class=\"p2\">Los datos se comunicar\u00e1n a los siguientes destinatarios:<\/p>\n<ul class=\"ul1\">\n<li class=\"li2\">Internet (redes sociales, plataformas de video y sitios web), p\u00e1gina web de la entidad y otros medios de comunicaci\u00f3n, con la finalidad de cesi\u00f3n y publicaci\u00f3n de los datos personales e im\u00e1genes y\/o v\u00eddeo del personal laboral con fines promocionales.<\/li>\n<\/ul>\n<ol class=\"ol1\">\n<li class=\"li5\"><b>Transferencias de datos a terceros pa\u00edses<\/b><\/li>\n<\/ol>\n<p class=\"p2\">Est\u00e1n previstas las siguientes transferencias de datos a terceros pa\u00edses:<\/p>\n<ul class=\"ul1\">\n<li class=\"li2\">Redes sociales y sistemas de difusi\u00f3n promocional, con la finalidad de realizar promoci\u00f3n publicitaria de los servicios de la entidad. La garant\u00eda para esta transferencia se ha establecido a trav\u00e9s de: Consentimiento expl\u00edcito del interesado. Puede consultar informaci\u00f3n adicional en: Pol\u00edtica de privacidad de la entidad..<\/li>\n<\/ul>\n<ol class=\"ol1\">\n<li class=\"li5\"><b>\u00bfCu\u00e1les son sus derechos cuando nos facilita sus datos?<\/b><\/li>\n<\/ol>\n<p class=\"p2\">Cualquier persona tiene derecho a obtener confirmaci\u00f3n sobre si en BENITO SOLEY LLARGUES estamos tratando, o no, datos personales que les conciernan.<\/p>\n<p class=\"p2\">Las personas interesadas tienen derecho a acceder a sus datos personales, as\u00ed como a solicitar la rectificaci\u00f3n de los datos inexactos o, en su caso, solicitar su supresi\u00f3n cuando, entre otros motivos, los datos ya no sean necesarios para los fines que fueron recogidos. Igualmente tiene derecho a la portabilidad de sus datos.<\/p>\n<p class=\"p2\">En determinadas circunstancias, los interesados podr\u00e1n solicitar la limitaci\u00f3n del tratamiento de sus datos, en cuyo caso \u00fanicamente los conservaremos para el ejercicio o la defensa de reclamaciones.<\/p>\n<p class=\"p2\">En determinadas circunstancias y por motivos relacionados con su situaci\u00f3n particular, los interesados podr\u00e1n oponerse al tratamiento de sus datos. En este caso, BENITO SOLEY LLARGUES dejar\u00e1 de tratar los datos, salvo por motivos leg\u00edtimos imperiosos, o el ejercicio o la defensa de posibles reclamaciones.<\/p>\n<p class=\"p2\">Podr\u00e1 ejercitar materialmente sus derechos dirigi\u00e9ndose a la direcci\u00f3n del responsable del tratamiento.<\/p>\n<p class=\"p2\">Cuando se realice el env\u00edo de comunicaciones comerciales utilizando como base jur\u00eddica el inter\u00e9s leg\u00edtimo del responsable, el interesado podr\u00e1 oponerse al tratamiento de sus datos con ese fin.<\/p>\n<p class=\"p2\">Si ha otorgado su consentimiento para alguna finalidad concreta, tiene derecho a retirar el consentimiento otorgado en cualquier momento, sin que ello afecte a la licitud del tratamiento basado en el consentimiento previo a su retirada.<\/p>\n<p class=\"p2\">En caso de que sienta vulnerados sus derechos en lo concerniente a la protecci\u00f3n de sus datos personales, especialmente cuando no haya obtenido satisfacci\u00f3n en el ejercicio de sus derechos, puede presentar una reclamaci\u00f3n ante la Autoridad de Control en materia de Protecci\u00f3n de Datos competente a trav\u00e9s de su sitio web: <a href=\"http:\/\/www.aepd.es\"><span class=\"s4\">www.aepd.es<\/span><\/a>.<\/p>\n<ol class=\"ol1\">\n<li class=\"li5\"><b>\u00bfC\u00f3mo hemos obtenido sus datos?<\/b><\/li>\n<\/ol>\n<p class=\"p2\">Los datos personales que tratamos en BENITO SOLEY LLARGUES proceden del propio interesado.<\/p>\n<p class=\"p2\">Las categor\u00edas de datos que se tratan son:<\/p>\n<ul class=\"ul1\">\n<li class=\"li5\"><span class=\"s5\">Imagen y \/ o voz.<\/span><b>Tratamiento de los datos de candidatos a un puesto de trabajo<\/b><\/li>\n<\/ul>\n<ol class=\"ol1\">\n<li class=\"li5\"><b>\u00bfCon qu\u00e9 finalidad tratamos sus datos personales?<\/b><\/li>\n<\/ol>\n<p class=\"p2\">En BENITO SOLEY LLARGUES tratamos la informaci\u00f3n que nos facilitan las personas interesadas con el fin de gestionar los Curriculum Vitae recibidos y realizar los procesos de selecci\u00f3n de personal, entrevistas y dem\u00e1s tr\u00e1mites necesarios para la b\u00fasqueda del mejor candidato posible a un puesto de trabajo determinado. En el caso de que no facilite sus datos personales, no podremos cumplir con las finalidades descritas.<\/p>\n<p class=\"p2\">No se van a tomar decisiones automatizadas en base a los datos proporcionados.<\/p>\n<ol class=\"ol1\">\n<li class=\"li5\"><b>\u00bfPor cu\u00e1nto tiempo conservaremos sus datos?<\/b><\/li>\n<\/ol>\n<p class=\"p2\">Dos a\u00f1os desde la \u00faltima interacci\u00f3n.<\/p>\n<ol class=\"ol1\">\n<li class=\"li5\"><b>\u00bfCu\u00e1l es la legitimaci\u00f3n para el tratamiento de sus datos?<\/b><\/li>\n<\/ol>\n<p class=\"p2\">Le indicamos la base legal para el tratamiento de sus datos:<\/p>\n<ul class=\"ul1\">\n<li class=\"li2\">Ejecuci\u00f3n de un contrato: Gest\u00edon de los Curriculum Vitae entregados por el candidato para realizar los procesos de selecci\u00f3n de personal para la b\u00fasqueda del mejor candidato posible a un puesto de trabajo determinado.<span class=\"Apple-converted-space\">\u00a0 <\/span>(RGPD art. 6.1.b).<\/li>\n<\/ul>\n<ol class=\"ol1\">\n<li class=\"li5\"><b>\u00bfA qu\u00e9 destinatarios se comunicar\u00e1n sus datos?<\/b><\/li>\n<\/ol>\n<p class=\"p2\">No se ceder\u00e1n datos a terceros, salvo obligaci\u00f3n legal.<\/p>\n<ol class=\"ol1\">\n<li class=\"li5\"><b>Transferencias de datos a terceros pa\u00edses<\/b><\/li>\n<\/ol>\n<p class=\"p2\">No est\u00e1n previstas transferencias de datos a terceros pa\u00edses.<\/p>\n<ol class=\"ol1\">\n<li class=\"li5\"><b>\u00bfCu\u00e1les son sus derechos cuando nos facilita sus datos?<\/b><\/li>\n<\/ol>\n<p class=\"p2\">Cualquier persona tiene derecho a obtener confirmaci\u00f3n sobre si en BENITO SOLEY LLARGUES estamos tratando, o no, datos personales que les conciernan.<\/p>\n<p class=\"p2\">Las personas interesadas tienen derecho a acceder a sus datos personales, as\u00ed como a solicitar la rectificaci\u00f3n de los datos inexactos o, en su caso, solicitar su supresi\u00f3n cuando, entre otros motivos, los datos ya no sean necesarios para los fines que fueron recogidos. Igualmente tiene derecho a la portabilidad de sus datos.<\/p>\n<p class=\"p2\">En determinadas circunstancias, los interesados podr\u00e1n solicitar la limitaci\u00f3n del tratamiento de sus datos, en cuyo caso \u00fanicamente los conservaremos para el ejercicio o la defensa de reclamaciones.<\/p>\n<p class=\"p2\">En determinadas circunstancias y por motivos relacionados con su situaci\u00f3n particular, los interesados podr\u00e1n oponerse al tratamiento de sus datos. En este caso, BENITO SOLEY LLARGUES dejar\u00e1 de tratar los datos, salvo por motivos leg\u00edtimos imperiosos, o el ejercicio o la defensa de posibles reclamaciones.<\/p>\n<p class=\"p2\">Podr\u00e1 ejercitar materialmente sus derechos dirigi\u00e9ndose a la direcci\u00f3n del responsable del tratamiento<\/p>\n<p class=\"p2\">Cuando se realice el env\u00edo de comunicaciones comerciales utilizando como base jur\u00eddica el inter\u00e9s leg\u00edtimo del responsable, el interesado podr\u00e1 oponerse al tratamiento de sus datos con ese fin.<\/p>\n<p class=\"p2\">Si ha otorgado su consentimiento para alguna finalidad concreta, tiene derecho a retirar el consentimiento otorgado en cualquier momento, sin que ello afecte a la licitud del tratamiento basado en el consentimiento previo a su retirada.<\/p>\n<p class=\"p2\">En caso de que sienta vulnerados sus derechos en lo concerniente a la protecci\u00f3n de sus datos personales, especialmente cuando no haya obtenido satisfacci\u00f3n en el ejercicio de sus derechos, puede presentar una reclamaci\u00f3n ante la Autoridad de Control en materia de Protecci\u00f3n de Datos competente a trav\u00e9s de su sitio web: <a href=\"http:\/\/www.aepd.es\"><span class=\"s4\">www.aepd.es<\/span><\/a>.<\/p>\n<ol class=\"ol1\">\n<li class=\"li5\"><b>\u00bfC\u00f3mo hemos obtenido sus datos?<\/b><\/li>\n<\/ol>\n<p class=\"p2\">Los datos personales que tratamos en BENITO SOLEY LLARGUES proceden del propio interesado.<\/p>\n<p class=\"p2\">Las categor\u00edas de datos que se tratan son:<\/p>\n<ul class=\"ul1\">\n<li class=\"li2\">Datos identificativos.<\/li>\n<li class=\"li2\">Direcciones postales y electr\u00f3nicas.<\/li>\n<li class=\"li2\">Informaci\u00f3n comercial.<\/li>\n<\/ul>\n<\/div><\/div><\/div><\/div><\/div>\n","protected":false},"excerpt":{"rendered":"","protected":false},"author":5,"featured_media":0,"parent":0,"menu_order":49,"comment_status":"closed","ping_status":"closed","template":"","meta":{"footnotes":""},"class_list":["post-1391","page","type-page","status-publish","hentry"],"_links":{"self":[{"href":"https:\/\/www.benet.cat\/es\/wp-json\/wp\/v2\/pages\/1391","targetHints":{"allow":["GET"]}}],"collection":[{"href":"https:\/\/www.benet.cat\/es\/wp-json\/wp\/v2\/pages"}],"about":[{"href":"https:\/\/www.benet.cat\/es\/wp-json\/wp\/v2\/types\/page"}],"author":[{"embeddable":true,"href":"https:\/\/www.benet.cat\/es\/wp-json\/wp\/v2\/users\/5"}],"replies":[{"embeddable":true,"href":"https:\/\/www.benet.cat\/es\/wp-json\/wp\/v2\/comments?post=1391"}],"version-history":[{"count":9,"href":"https:\/\/www.benet.cat\/es\/wp-json\/wp\/v2\/pages\/1391\/revisions"}],"predecessor-version":[{"id":2558,"href":"https:\/\/www.benet.cat\/es\/wp-json\/wp\/v2\/pages\/1391\/revisions\/2558"}],"wp:attachment":[{"href":"https:\/\/www.benet.cat\/es\/wp-json\/wp\/v2\/media?parent=1391"}],"curies":[{"name":"wp","href":"https:\/\/api.w.org\/{rel}","templated":true}]}}