{"id":1366,"date":"2014-12-24T11:42:21","date_gmt":"2014-12-24T11:42:21","guid":{"rendered":"http:\/\/www.benet.cat\/permiso-a\/"},"modified":"2021-11-25T23:39:12","modified_gmt":"2021-11-25T21:39:12","slug":"permiso-a","status":"publish","type":"page","link":"https:\/\/www.benet.cat\/es\/permisos\/permiso-a\/","title":{"rendered":"Permiso A"},"content":{"rendered":"<div class=\"fusion-fullwidth fullwidth-box fusion-builder-row-1 fusion-flex-container nonhundred-percent-fullwidth non-hundred-percent-height-scrolling\" style=\"--awb-border-radius-top-left:0px;--awb-border-radius-top-right:0px;--awb-border-radius-bottom-right:0px;--awb-border-radius-bottom-left:0px;--awb-margin-bottom:50px;--awb-flex-wrap:wrap;\" ><div class=\"fusion-builder-row fusion-row fusion-flex-align-items-flex-start fusion-flex-content-wrap\" style=\"max-width:1248px;margin-left: calc(-4% \/ 2 );margin-right: calc(-4% \/ 2 );\"><div class=\"fusion-layout-column fusion_builder_column fusion-builder-column-0 fusion_builder_column_1_1 1_1 fusion-flex-column\" style=\"--awb-bg-size:cover;--awb-width-large:100%;--awb-margin-top-large:0px;--awb-spacing-right-large:1.92%;--awb-margin-bottom-large:0px;--awb-spacing-left-large:1.92%;--awb-width-medium:100%;--awb-spacing-right-medium:1.92%;--awb-spacing-left-medium:1.92%;--awb-width-small:100%;--awb-spacing-right-small:1.92%;--awb-spacing-left-small:1.92%;\"><div class=\"fusion-column-wrapper fusion-flex-justify-content-flex-start fusion-content-layout-column\"><div class=\"fusion-text fusion-text-1\"><h1>Permiso A &gt;<\/h1>\n<h1><span style=\"color: #99cc00;\"><b>\u00a1Sin limitaciones!<\/b><\/span><\/h1>\n<h2>Realizamos cursos cada vez m\u00e1s.<\/h2>\n<p><span style=\"font-size: 18pt;\" data-fusion-font=\"true\">\u00a1Sin ning\u00fan Examen!<\/span><\/p>\n<p><span style=\"background-color: rgba(255, 255, 255, 0); color: var(--body_typography-color); font-family: var(--body_typography-font-family); font-size: var(--body_typography-font-size); font-style: var(--body_typography-font-style,normal); font-weight: var(--body_typography-font-weight); letter-spacing: var(--body_typography-letter-spacing);\">\u00bfTienes dos a\u00f1os del permiso A2? <\/span><\/p>\n<p><span style=\"background-color: rgba(255, 255, 255, 0); color: var(--body_typography-color); font-family: var(--body_typography-font-family); font-size: var(--body_typography-font-size); font-style: var(--body_typography-font-style,normal); font-weight: var(--body_typography-font-weight); letter-spacing: var(--body_typography-letter-spacing);\">Ya puedes obtener tu permiso de moto definitivo, el permiso A.<\/span><\/p>\n<p>Este permiso es diferente al resto. No es necesario un examen para ser declarado apto. Cuando han pasado dos a\u00f1os de la obtenci\u00f3n de tu permiso A2, ya puedes realizar el curso para obtener el permiso A.<\/p>\n<\/p>\n<p data-fusion-font=\"true\" style=\"font-size: 23px;\">El curso consta de 3 partes:<\/p>\n<p>&#8211; 3 horas de parte te\u00f3rica.<\/p>\n<p>&#8211; 4 horas de pr\u00e1ctica en circuito cerrado.<\/p>\n<p>&#8211; 2 horas de circulaci\u00f3n en v\u00edas abiertas al tr\u00e1fico.<\/p>\n<\/p>\n<p>Los horarios se adaptan a tus necesidades.<\/p>\n<p>Cuando acabe el curso nosotros solicitamos tu nuevo permiso y lo recibir\u00e1s directamente en tu casa.<\/p>\n<p><span style=\"font-size: 12pt;\">Cont\u00e1ctanos para estar informado del pr\u00f3ximo curso o p\u00eddenos informaci\u00f3n.<\/span><\/p>\n<p><span style=\"font-size: 12pt;\"><br \/><\/span><\/p>\n<p><span style=\"font-size: 12pt;\"><br \/><\/span><\/p>\n<p><span style=\"font-size: 12pt;\"><br \/><\/span><\/p>\n<h2 style=\"text-align: justify;\">\u00bfQu\u00e9 me autoriza a conducir?<\/h2>\n<p style=\"text-align: justify;\">&#8211; Motocicletas<\/p>\n<p style=\"text-align: justify;\">&#8211; Triciclos de motor.<\/p>\n<p style=\"text-align: justify;\"><span style=\"text-decoration: underline;\">La edad m\u00ednima<\/span> para obtenerlo:<\/p>\n<p style=\"text-align: justify;\">&#8211; Ser\u00e1 de 20 a\u00f1os cumplidos<\/p>\n<p style=\"text-align: justify;\">&#8211; Pero hasta los 21 a\u00f1os cumplidos no autorizar\u00e1 a conducir triciclos de motor cuya potencia m\u00e1xima exceda de 15 Kw.<\/p>\n<p style=\"text-align: justify;\">S\u00f3lo podr\u00e1 ser expedido a conductores que ya sean titulares de un permiso en vigor de la clase A2 con, al menos, dos a\u00f1os de antig\u00fcedad, superando una formaci\u00f3n en los plazos que se establezcan mediante la Orden del Ministro de &#8216;Interior.<\/p>\n<p style=\"text-align: justify;\">CUADS (CUADRICICLOS) NO LIGEROS O DE MOTOR: A partir del 9\/12\/09, los titulares del permiso de la clase A, que con el anterior reglamento pod\u00edan conducir cuadriciclos no ligeros con esta clase de permiso, para poder seguir conduciendo los mismos, tendr\u00e1n que estar en posesi\u00f3n del permiso de conducir de la clase B.<\/p>\n<\/div><\/div><\/div><\/div><\/div>\n","protected":false},"excerpt":{"rendered":"","protected":false},"author":5,"featured_media":0,"parent":1332,"menu_order":4,"comment_status":"closed","ping_status":"closed","template":"","meta":{"footnotes":""},"class_list":["post-1366","page","type-page","status-publish","hentry"],"_links":{"self":[{"href":"https:\/\/www.benet.cat\/es\/wp-json\/wp\/v2\/pages\/1366","targetHints":{"allow":["GET"]}}],"collection":[{"href":"https:\/\/www.benet.cat\/es\/wp-json\/wp\/v2\/pages"}],"about":[{"href":"https:\/\/www.benet.cat\/es\/wp-json\/wp\/v2\/types\/page"}],"author":[{"embeddable":true,"href":"https:\/\/www.benet.cat\/es\/wp-json\/wp\/v2\/users\/5"}],"replies":[{"embeddable":true,"href":"https:\/\/www.benet.cat\/es\/wp-json\/wp\/v2\/comments?post=1366"}],"version-history":[{"count":3,"href":"https:\/\/www.benet.cat\/es\/wp-json\/wp\/v2\/pages\/1366\/revisions"}],"predecessor-version":[{"id":2359,"href":"https:\/\/www.benet.cat\/es\/wp-json\/wp\/v2\/pages\/1366\/revisions\/2359"}],"up":[{"embeddable":true,"href":"https:\/\/www.benet.cat\/es\/wp-json\/wp\/v2\/pages\/1332"}],"wp:attachment":[{"href":"https:\/\/www.benet.cat\/es\/wp-json\/wp\/v2\/media?parent=1366"}],"curies":[{"name":"wp","href":"https:\/\/api.w.org\/{rel}","templated":true}]}}