{"id":1362,"date":"2012-06-12T17:52:06","date_gmt":"2012-06-12T17:52:06","guid":{"rendered":"http:\/\/www.benet.cat\/benet\/"},"modified":"2023-10-20T20:10:39","modified_gmt":"2023-10-20T18:10:39","slug":"benet","status":"publish","type":"page","link":"https:\/\/www.benet.cat\/es\/benet\/","title":{"rendered":"Benet"},"content":{"rendered":"<p><div class=\"fusion-fullwidth fullwidth-box fusion-builder-row-1 fusion-flex-container nonhundred-percent-fullwidth non-hundred-percent-height-scrolling\" style=\"--awb-border-radius-top-left:0px;--awb-border-radius-top-right:0px;--awb-border-radius-bottom-right:0px;--awb-border-radius-bottom-left:0px;--awb-margin-bottom:25px;--awb-flex-wrap:wrap;\" ><div class=\"fusion-builder-row fusion-row fusion-flex-align-items-flex-start fusion-flex-content-wrap\" style=\"max-width:1248px;margin-left: calc(-4% \/ 2 );margin-right: calc(-4% \/ 2 );\"><div class=\"fusion-layout-column fusion_builder_column fusion-builder-column-0 fusion_builder_column_1_1 1_1 fusion-flex-column\" style=\"--awb-bg-size:cover;--awb-width-large:100%;--awb-margin-top-large:0px;--awb-spacing-right-large:1.92%;--awb-margin-bottom-large:0px;--awb-spacing-left-large:1.92%;--awb-width-medium:100%;--awb-spacing-right-medium:1.92%;--awb-spacing-left-medium:1.92%;--awb-width-small:100%;--awb-spacing-right-small:1.92%;--awb-spacing-left-small:1.92%;\"><div class=\"fusion-column-wrapper fusion-flex-justify-content-flex-start fusion-content-layout-column\"><div class=\"fusion-image-element \" style=\"text-align:left;--awb-max-width:600px;--awb-caption-title-font-family:var(--h2_typography-font-family);--awb-caption-title-font-weight:var(--h2_typography-font-weight);--awb-caption-title-font-style:var(--h2_typography-font-style);--awb-caption-title-size:var(--h2_typography-font-size);--awb-caption-title-transform:var(--h2_typography-text-transform);--awb-caption-title-line-height:var(--h2_typography-line-height);--awb-caption-title-letter-spacing:var(--h2_typography-letter-spacing);\"><span class=\" fusion-imageframe imageframe-none imageframe-1 hover-type-none\"><img decoding=\"async\" width=\"650\" height=\"277\" src=\"http:\/\/www.benet.cat\/wp-content\/uploads\/2021\/05\/Benet_logo_icona_white.jpg\" alt class=\"img-responsive wp-image-1948\" srcset=\"https:\/\/www.benet.cat\/wp-content\/uploads\/2021\/05\/Benet_logo_icona_white-200x85.jpg 200w, https:\/\/www.benet.cat\/wp-content\/uploads\/2021\/05\/Benet_logo_icona_white-400x170.jpg 400w, https:\/\/www.benet.cat\/wp-content\/uploads\/2021\/05\/Benet_logo_icona_white-600x256.jpg 600w, https:\/\/www.benet.cat\/wp-content\/uploads\/2021\/05\/Benet_logo_icona_white.jpg 650w\" sizes=\"(max-width: 640px) 100vw, 650px\" \/><\/span><\/div><div class=\"fusion-text fusion-text-1\"><p>BENET Autoescuelas, centros de formaci\u00f3n de conductores y seguridad vial donde, desde 1981, seguimos teniendo la misma ilusi\u00f3n: Poder ofrecer el mejor servicio posible a quien conf\u00eda en nosotros.<\/p>\n<p>Por eso disponemos de un gran equipo de profesionales con los mejores y \u00faltimos recursos a su alcance.<\/p>\n<p>Ahora con la nueva <a href=\"http:\/\/www.benet.cat\/es\/teorica-express\/\">Te\u00f3rica Express<\/a> y las nuestras <a href=\"http:\/\/www.benet.cat\/es\/formacion-practica\/\">clases pr\u00e1cticas<\/a> realizadas por un formador personal durante todo el aprendizaje, aprobarlo es m\u00e1s sencillo.<\/p>\n<p>\u00a1Ven y te lo ense\u00f1amos sin ning\u00fan compromiso, \u00a1te esperamos!<\/p>\n<\/div><div style=\"text-align:left;\"><a class=\"fusion-button button-3d fusion-button-default-size button-default fusion-button-default button-1 fusion-button-default-span fusion-button-default-type\" target=\"_self\" href=\"http:\/\/www.benet.cat\/es\/contacto\/\"><span class=\"fusion-button-text awb-button__text awb-button__text--default\">\u00bfTienes alguna pregunta?<\/span><\/a><\/div><\/div><\/div><\/div><\/div><div class=\"fusion-fullwidth fullwidth-box fusion-builder-row-2 fusion-flex-container nonhundred-percent-fullwidth non-hundred-percent-height-scrolling\" style=\"--awb-border-radius-top-left:0px;--awb-border-radius-top-right:0px;--awb-border-radius-bottom-right:0px;--awb-border-radius-bottom-left:0px;--awb-margin-top:25px;--awb-margin-bottom:50px;--awb-flex-wrap:wrap;\" ><div class=\"fusion-builder-row fusion-row fusion-flex-align-items-flex-start fusion-flex-content-wrap\" style=\"max-width:1248px;margin-left: calc(-4% \/ 2 );margin-right: calc(-4% \/ 2 );\"><div class=\"fusion-layout-column fusion_builder_column fusion-builder-column-1 fusion_builder_column_1_1 1_1 fusion-flex-column\" style=\"--awb-bg-size:cover;--awb-width-large:100%;--awb-margin-top-large:50px;--awb-spacing-right-large:1.92%;--awb-margin-bottom-large:50px;--awb-spacing-left-large:1.92%;--awb-width-medium:100%;--awb-order-medium:0;--awb-spacing-right-medium:1.92%;--awb-spacing-left-medium:1.92%;--awb-width-small:100%;--awb-order-small:0;--awb-spacing-right-small:1.92%;--awb-spacing-left-small:1.92%;\"><div class=\"fusion-column-wrapper fusion-column-has-shadow fusion-flex-justify-content-flex-start fusion-content-layout-column\"><div class=\"fusion-text fusion-text-2\"><h1 style=\"text-align: center;\"><span style=\"font-size: 24pt;\">Nuestros centros de formaci\u00f3n<\/span><\/h1>\n<\/div><div class=\"fusion-image-element \" style=\"text-align:center;--awb-margin-bottom:-20px;--awb-max-width:300px;--awb-caption-title-font-family:var(--h2_typography-font-family);--awb-caption-title-font-weight:var(--h2_typography-font-weight);--awb-caption-title-font-style:var(--h2_typography-font-style);--awb-caption-title-size:var(--h2_typography-font-size);--awb-caption-title-transform:var(--h2_typography-text-transform);--awb-caption-title-line-height:var(--h2_typography-line-height);--awb-caption-title-letter-spacing:var(--h2_typography-letter-spacing);\"><span class=\" fusion-imageframe imageframe-none imageframe-2 hover-type-none\"><img decoding=\"async\" width=\"450\" height=\"450\" title=\"Icona_Senyal_Centre\" src=\"http:\/\/www.benet.cat\/wp-content\/uploads\/2021\/05\/Icona_Senyal_Centre.jpg\" alt class=\"img-responsive wp-image-1953\" srcset=\"https:\/\/www.benet.cat\/wp-content\/uploads\/2021\/05\/Icona_Senyal_Centre-200x200.jpg 200w, https:\/\/www.benet.cat\/wp-content\/uploads\/2021\/05\/Icona_Senyal_Centre-400x400.jpg 400w, https:\/\/www.benet.cat\/wp-content\/uploads\/2021\/05\/Icona_Senyal_Centre.jpg 450w\" sizes=\"(max-width: 640px) 100vw, 450px\" \/><\/span><\/div><div class=\"fusion-text fusion-text-3\"><h3 style=\"text-align: center;\"><span style=\"font-size: 18pt;\">PALAU CENTRO<\/span><\/h3>\n<p style=\"text-align: center;\"><strong>Avda. Catalunya, 231. 08184 Palau-solit\u00e0 i Plegamans (Barcelona) | t. 93 8647125 Whatsapp. 635096722<br \/>\n<\/strong>Horarios de oficina: Ma\u00f1anas de Lunes a Viernes de 9:00 h a 13:00h | Tardes de Lunes a Jueves de 16:30h a 20:30h. Viernes por la tarde cerrado.<br \/>\nHorarios de te\u00f3rica: Ma\u00f1anas de 10:30h a 11:30h | Tardes 19:30h a 20:30h.<\/p>\n<\/div><div class=\"fusion-image-element \" style=\"text-align:center;--awb-margin-top:25px;--awb-margin-bottom:-20px;--awb-max-width:300px;--awb-caption-title-font-family:var(--h2_typography-font-family);--awb-caption-title-font-weight:var(--h2_typography-font-weight);--awb-caption-title-font-style:var(--h2_typography-font-style);--awb-caption-title-size:var(--h2_typography-font-size);--awb-caption-title-transform:var(--h2_typography-text-transform);--awb-caption-title-line-height:var(--h2_typography-line-height);--awb-caption-title-letter-spacing:var(--h2_typography-letter-spacing);\"><span class=\" fusion-imageframe imageframe-none imageframe-3 hover-type-none\"><img decoding=\"async\" width=\"450\" height=\"450\" title=\"Icona_Senyal_Centre\" src=\"http:\/\/www.benet.cat\/wp-content\/uploads\/2021\/05\/Icona_Senyal_Centre.jpg\" alt class=\"img-responsive wp-image-1953\" srcset=\"https:\/\/www.benet.cat\/wp-content\/uploads\/2021\/05\/Icona_Senyal_Centre-200x200.jpg 200w, https:\/\/www.benet.cat\/wp-content\/uploads\/2021\/05\/Icona_Senyal_Centre-400x400.jpg 400w, https:\/\/www.benet.cat\/wp-content\/uploads\/2021\/05\/Icona_Senyal_Centre.jpg 450w\" sizes=\"(max-width: 640px) 100vw, 450px\" \/><\/span><\/div><div class=\"fusion-text fusion-text-4\"><h3 style=\"text-align: center;\"><span style=\"font-size: 18pt;\">MOLLET RAMBLES<\/span><\/h3>\n<p style=\"text-align: center;\"><strong>Rambla Nova, 27. 08100 Mollet del Vall\u00e8s (Barcelona). | t. 93 5938951 <\/strong><b>Whatsapp. 635096801<\/b><strong><br \/>\n<\/strong>Horarios de oficina: Ma\u00f1anas de Lunes a Viernes de 9:00 h a 13:00h | Tardes de Lunes a Jueves de 16:30h a 20:30h. Viernes por la tarde cerrado.<br \/>\nHorarios de te\u00f3rica: Ma\u00f1anas de 10:00h a 11:00h | Tardes 19:00 h a 20:00 h.<\/p>\n<\/div><div class=\"fusion-image-element \" style=\"text-align:center;--awb-margin-top:25px;--awb-margin-bottom:-20px;--awb-max-width:300px;--awb-caption-title-font-family:var(--h2_typography-font-family);--awb-caption-title-font-weight:var(--h2_typography-font-weight);--awb-caption-title-font-style:var(--h2_typography-font-style);--awb-caption-title-size:var(--h2_typography-font-size);--awb-caption-title-transform:var(--h2_typography-text-transform);--awb-caption-title-line-height:var(--h2_typography-line-height);--awb-caption-title-letter-spacing:var(--h2_typography-letter-spacing);\"><span class=\" fusion-imageframe imageframe-none imageframe-4 hover-type-none\"><img decoding=\"async\" width=\"450\" height=\"450\" title=\"Icona_Senyal_Centre\" src=\"http:\/\/www.benet.cat\/wp-content\/uploads\/2021\/05\/Icona_Senyal_Centre.jpg\" alt class=\"img-responsive wp-image-1953\" srcset=\"https:\/\/www.benet.cat\/wp-content\/uploads\/2021\/05\/Icona_Senyal_Centre-200x200.jpg 200w, https:\/\/www.benet.cat\/wp-content\/uploads\/2021\/05\/Icona_Senyal_Centre-400x400.jpg 400w, https:\/\/www.benet.cat\/wp-content\/uploads\/2021\/05\/Icona_Senyal_Centre.jpg 450w\" sizes=\"(max-width: 640px) 100vw, 450px\" \/><\/span><\/div><div class=\"fusion-text fusion-text-5\"><h3 style=\"text-align: center;\"><span style=\"font-size: 18pt;\">MOLLET CAN BORRELL<\/span><\/h3>\n<p style=\"text-align: center;\"><strong>Avda. Caldes de Montbui, 52. 08100 Mollet del Vall\u00e8s (Barcelona) | t. 93 5700281 <\/strong><b>Whatsapp. 657896748<\/b><strong><br \/>\n<\/strong>Horarios de oficina: Ma\u00f1anas de Lunes a Viernes de 9:30 h a 13:00h | Tardes de Lunes a Jueves de 16:30h a 20:30h. Viernes por la tarde cerrado.<br \/>\nHorarios de te\u00f3rica: Ma\u00f1anas de 11:00h a 12:00h | Tardes 18:00h a 19:00h.<\/p>\n<\/div><\/div><\/div><\/div><\/div><div class=\"fusion-fullwidth fullwidth-box fusion-builder-row-3 fusion-flex-container nonhundred-percent-fullwidth non-hundred-percent-height-scrolling\" style=\"--awb-border-radius-top-left:0px;--awb-border-radius-top-right:0px;--awb-border-radius-bottom-right:0px;--awb-border-radius-bottom-left:0px;--awb-padding-top:25px;--awb-flex-wrap:wrap;\" ><div class=\"fusion-builder-row fusion-row fusion-flex-align-items-flex-start fusion-flex-content-wrap\" style=\"max-width:1248px;margin-left: calc(-4% \/ 2 );margin-right: calc(-4% \/ 2 );\"><div class=\"fusion-layout-column fusion_builder_column fusion-builder-column-2 fusion_builder_column_1_1 1_1 fusion-flex-column\" style=\"--awb-bg-size:cover;--awb-width-large:100%;--awb-margin-top-large:0px;--awb-spacing-right-large:1.92%;--awb-margin-bottom-large:20px;--awb-spacing-left-large:1.92%;--awb-width-medium:100%;--awb-order-medium:0;--awb-spacing-right-medium:1.92%;--awb-spacing-left-medium:1.92%;--awb-width-small:100%;--awb-order-small:0;--awb-spacing-right-small:1.92%;--awb-spacing-left-small:1.92%;\"><div class=\"fusion-column-wrapper fusion-column-has-shadow fusion-flex-justify-content-flex-start fusion-content-layout-column\"><div class=\"fusion-image-element \" style=\"text-align:center;--awb-caption-title-font-family:var(--h2_typography-font-family);--awb-caption-title-font-weight:var(--h2_typography-font-weight);--awb-caption-title-font-style:var(--h2_typography-font-style);--awb-caption-title-size:var(--h2_typography-font-size);--awb-caption-title-transform:var(--h2_typography-text-transform);--awb-caption-title-line-height:var(--h2_typography-line-height);--awb-caption-title-letter-spacing:var(--h2_typography-letter-spacing);\"><span class=\" fusion-imageframe imageframe-none imageframe-5 hover-type-none\"><img decoding=\"async\" width=\"600\" height=\"300\" title=\"Slider_Quality\" src=\"http:\/\/www.benet.cat\/wp-content\/uploads\/2021\/09\/Slider_Quality.jpg\" alt class=\"img-responsive wp-image-2160\" srcset=\"https:\/\/www.benet.cat\/wp-content\/uploads\/2021\/09\/Slider_Quality-200x100.jpg 200w, https:\/\/www.benet.cat\/wp-content\/uploads\/2021\/09\/Slider_Quality-400x200.jpg 400w, https:\/\/www.benet.cat\/wp-content\/uploads\/2021\/09\/Slider_Quality.jpg 600w\" sizes=\"(max-width: 640px) 100vw, 600px\" \/><\/span><\/div><div class=\"fusion-text fusion-text-6 fusion-text-no-margin\" style=\"--awb-text-color:#ffffff;--awb-margin-top:20px;--awb-margin-bottom:50px;\"><h2 style=\"text-align: center;\"><span style=\"color: #ffffff; font-size: 24pt;\">\u00a1CALIDAD DE ENSE\u00d1ANZA MUY CERCA DE TI!<\/span><\/h2>\n<\/div><\/div><\/div><\/div><\/div><\/p>\n","protected":false},"excerpt":{"rendered":"","protected":false},"author":5,"featured_media":0,"parent":0,"menu_order":1,"comment_status":"closed","ping_status":"closed","template":"","meta":{"footnotes":""},"class_list":["post-1362","page","type-page","status-publish","hentry"],"_links":{"self":[{"href":"https:\/\/www.benet.cat\/es\/wp-json\/wp\/v2\/pages\/1362","targetHints":{"allow":["GET"]}}],"collection":[{"href":"https:\/\/www.benet.cat\/es\/wp-json\/wp\/v2\/pages"}],"about":[{"href":"https:\/\/www.benet.cat\/es\/wp-json\/wp\/v2\/types\/page"}],"author":[{"embeddable":true,"href":"https:\/\/www.benet.cat\/es\/wp-json\/wp\/v2\/users\/5"}],"replies":[{"embeddable":true,"href":"https:\/\/www.benet.cat\/es\/wp-json\/wp\/v2\/comments?post=1362"}],"version-history":[{"count":9,"href":"https:\/\/www.benet.cat\/es\/wp-json\/wp\/v2\/pages\/1362\/revisions"}],"predecessor-version":[{"id":2592,"href":"https:\/\/www.benet.cat\/es\/wp-json\/wp\/v2\/pages\/1362\/revisions\/2592"}],"wp:attachment":[{"href":"https:\/\/www.benet.cat\/es\/wp-json\/wp\/v2\/media?parent=1362"}],"curies":[{"name":"wp","href":"https:\/\/api.w.org\/{rel}","templated":true}]}}