{"id":1354,"date":"2012-06-12T09:58:50","date_gmt":"2012-06-12T09:58:50","guid":{"rendered":"http:\/\/www.benet.cat\/conduccion-eficiente\/"},"modified":"2021-11-26T00:06:30","modified_gmt":"2021-11-25T22:06:30","slug":"conduccion-eficiente","status":"publish","type":"page","link":"https:\/\/www.benet.cat\/es\/cursos\/conduccion-eficiente\/","title":{"rendered":"Conducci\u00f3n eficiente"},"content":{"rendered":"<div class=\"fusion-fullwidth fullwidth-box fusion-builder-row-1 fusion-flex-container nonhundred-percent-fullwidth non-hundred-percent-height-scrolling\" style=\"--awb-border-radius-top-left:0px;--awb-border-radius-top-right:0px;--awb-border-radius-bottom-right:0px;--awb-border-radius-bottom-left:0px;--awb-margin-bottom:50px;--awb-flex-wrap:wrap;\" ><div class=\"fusion-builder-row fusion-row fusion-flex-align-items-flex-start fusion-flex-content-wrap\" style=\"max-width:1248px;margin-left: calc(-4% \/ 2 );margin-right: calc(-4% \/ 2 );\"><div class=\"fusion-layout-column fusion_builder_column fusion-builder-column-0 fusion_builder_column_1_1 1_1 fusion-flex-column\" style=\"--awb-bg-size:cover;--awb-width-large:100%;--awb-margin-top-large:0px;--awb-spacing-right-large:1.92%;--awb-margin-bottom-large:0px;--awb-spacing-left-large:1.92%;--awb-width-medium:100%;--awb-spacing-right-medium:1.92%;--awb-spacing-left-medium:1.92%;--awb-width-small:100%;--awb-spacing-right-small:1.92%;--awb-spacing-left-small:1.92%;\"><div class=\"fusion-column-wrapper fusion-flex-justify-content-flex-start fusion-content-layout-column\"><div class=\"fusion-text fusion-text-1\"><h1><strong>Conducci\u00f3n eficiente<\/strong><\/h1>\n<p>Centro de Formaci\u00f3n BENET est\u00e1 comprometido con el medio ambiente. Por eso impartimos cursos de conducci\u00f3n econ\u00f3mica y eficiente, que no s\u00f3lo contribuyen a reducir la contaminaci\u00f3n, sino que tambi\u00e9n ayuda a reducir los gastos en carburante.<\/p>\n<p>Conduciendo adecuadamente se puede ahorrar hasta un 25% de combustible, la conducci\u00f3n agresiva puede aumentar el nivel de contaminaci\u00f3n por kil\u00f3metro en altos porcentajes.<\/p>\n<p>Todo esto y m\u00e1s lo podr\u00e1n aprender y comprobar los conductores en los cursos especializados en conducci\u00f3n eficiente que organizamos peri\u00f3dicamente.<\/p>\n<p>Realizamos cursos de conducci\u00f3n eficiente tanto para turismo como para cami\u00f3n y autocar.<\/p>\n<p>Pida m\u00e1s informaci\u00f3n y empiece a ahorrar.<\/p>\n<\/div><div class=\"sm-text-align-center\" style=\"text-align:left;\"><a class=\"fusion-button button-3d fusion-button-default-size button-default fusion-button-default button-1 fusion-button-default-span fusion-button-default-type\" style=\"--button_margin-top:25px;\" target=\"_self\" href=\"http:\/\/www.benet.cat\/es\/contacto\/\"><span class=\"fusion-button-text awb-button__text awb-button__text--default\">\u00bfTienes alguna pregunta?<\/span><\/a><\/div><div class=\"fusion-image-element \" style=\"text-align:center;--awb-margin-top:25px;--awb-max-width:300px;--awb-caption-title-font-family:var(--h2_typography-font-family);--awb-caption-title-font-weight:var(--h2_typography-font-weight);--awb-caption-title-font-style:var(--h2_typography-font-style);--awb-caption-title-size:var(--h2_typography-font-size);--awb-caption-title-transform:var(--h2_typography-text-transform);--awb-caption-title-line-height:var(--h2_typography-line-height);--awb-caption-title-letter-spacing:var(--h2_typography-letter-spacing);\"><span class=\" fusion-imageframe imageframe-none imageframe-1 hover-type-none\"><a class=\"fusion-no-lightbox\" href=\"http:\/\/www.benet.cat\/es\/cursos\/\" target=\"_self\" aria-label=\"Bt_Cursos\"><img decoding=\"async\" width=\"350\" height=\"150\" src=\"http:\/\/www.benet.cat\/wp-content\/uploads\/2021\/01\/Bt_Cursos.jpg\" alt class=\"img-responsive wp-image-1496\" srcset=\"https:\/\/www.benet.cat\/wp-content\/uploads\/2021\/01\/Bt_Cursos-200x86.jpg 200w, https:\/\/www.benet.cat\/wp-content\/uploads\/2021\/01\/Bt_Cursos.jpg 350w\" sizes=\"(max-width: 640px) 100vw, 350px\" \/><\/a><\/span><\/div><\/div><\/div><\/div><\/div>\n","protected":false},"excerpt":{"rendered":"","protected":false},"author":5,"featured_media":0,"parent":1342,"menu_order":5,"comment_status":"closed","ping_status":"closed","template":"","meta":{"footnotes":""},"class_list":["post-1354","page","type-page","status-publish","hentry"],"_links":{"self":[{"href":"https:\/\/www.benet.cat\/es\/wp-json\/wp\/v2\/pages\/1354","targetHints":{"allow":["GET"]}}],"collection":[{"href":"https:\/\/www.benet.cat\/es\/wp-json\/wp\/v2\/pages"}],"about":[{"href":"https:\/\/www.benet.cat\/es\/wp-json\/wp\/v2\/types\/page"}],"author":[{"embeddable":true,"href":"https:\/\/www.benet.cat\/es\/wp-json\/wp\/v2\/users\/5"}],"replies":[{"embeddable":true,"href":"https:\/\/www.benet.cat\/es\/wp-json\/wp\/v2\/comments?post=1354"}],"version-history":[{"count":6,"href":"https:\/\/www.benet.cat\/es\/wp-json\/wp\/v2\/pages\/1354\/revisions"}],"predecessor-version":[{"id":2413,"href":"https:\/\/www.benet.cat\/es\/wp-json\/wp\/v2\/pages\/1354\/revisions\/2413"}],"up":[{"embeddable":true,"href":"https:\/\/www.benet.cat\/es\/wp-json\/wp\/v2\/pages\/1342"}],"wp:attachment":[{"href":"https:\/\/www.benet.cat\/es\/wp-json\/wp\/v2\/media?parent=1354"}],"curies":[{"name":"wp","href":"https:\/\/api.w.org\/{rel}","templated":true}]}}