{"id":1334,"date":"2012-06-12T09:49:51","date_gmt":"2012-06-12T09:49:51","guid":{"rendered":"http:\/\/www.benet.cat\/permiso-b\/"},"modified":"2021-12-02T19:59:43","modified_gmt":"2021-12-02T18:59:43","slug":"permiso-b","status":"publish","type":"page","link":"https:\/\/www.benet.cat\/es\/permisos\/permiso-b\/","title":{"rendered":"Permios B"},"content":{"rendered":"<p><div class=\"fusion-fullwidth fullwidth-box fusion-builder-row-1 fusion-flex-container nonhundred-percent-fullwidth non-hundred-percent-height-scrolling\" style=\"--awb-border-radius-top-left:0px;--awb-border-radius-top-right:0px;--awb-border-radius-bottom-right:0px;--awb-border-radius-bottom-left:0px;--awb-margin-bottom:50px;--awb-flex-wrap:wrap;\" ><div class=\"fusion-builder-row fusion-row fusion-flex-align-items-flex-start fusion-flex-content-wrap\" style=\"max-width:1248px;margin-left: calc(-4% \/ 2 );margin-right: calc(-4% \/ 2 );\"><div class=\"fusion-layout-column fusion_builder_column fusion-builder-column-0 fusion_builder_column_1_1 1_1 fusion-flex-column\" style=\"--awb-bg-size:cover;--awb-width-large:100%;--awb-margin-top-large:0px;--awb-spacing-right-large:1.92%;--awb-margin-bottom-large:25px;--awb-spacing-left-large:1.92%;--awb-width-medium:100%;--awb-order-medium:0;--awb-spacing-right-medium:1.92%;--awb-spacing-left-medium:1.92%;--awb-width-small:100%;--awb-order-small:0;--awb-spacing-right-small:1.92%;--awb-spacing-left-small:1.92%;\"><div class=\"fusion-column-wrapper fusion-column-has-shadow fusion-flex-justify-content-flex-start fusion-content-layout-column\"><div class=\"fusion-text fusion-text-1\"><h1>Permiso B &gt; <span style=\"color: #99cc00;\"><b>S\u00e1cate<\/b>l<b>a te\u00f3rica en un tiempo<\/b><b>r\u00e9cord.<\/b><\/span><\/h1>\n<\/div><\/div><\/div><div class=\"fusion-layout-column fusion_builder_column fusion-builder-column-1 fusion_builder_column_1_1 1_1 fusion-flex-column\" style=\"--awb-bg-size:cover;--awb-width-large:100%;--awb-margin-top-large:50px;--awb-spacing-right-large:1.92%;--awb-margin-bottom-large:25px;--awb-spacing-left-large:1.92%;--awb-width-medium:100%;--awb-order-medium:0;--awb-spacing-right-medium:1.92%;--awb-spacing-left-medium:1.92%;--awb-width-small:100%;--awb-order-small:0;--awb-spacing-right-small:1.92%;--awb-spacing-left-small:1.92%;\"><div class=\"fusion-column-wrapper fusion-column-has-shadow fusion-flex-justify-content-flex-start fusion-content-layout-column\"><div class=\"fusion-text fusion-text-2\"><h1 style=\"text-align: center;\"><span style=\"color: #ffffff;\">\u00bfTienes ganas de sacarte el carn\u00e9?<\/span><br \/>\n<span style=\"color: #ffffff;\">\u00a1Te lo ponemos muy f\u00e1cil!<\/span><\/h1>\n<\/div><\/div><\/div><div class=\"fusion-layout-column fusion_builder_column fusion-builder-column-2 fusion_builder_column_1_3 1_3 fusion-flex-column\" style=\"--awb-bg-size:cover;--awb-width-large:33.333333333333%;--awb-margin-top-large:0px;--awb-spacing-right-large:5.76%;--awb-margin-bottom-large:0px;--awb-spacing-left-large:5.76%;--awb-width-medium:33.333333333333%;--awb-spacing-right-medium:5.76%;--awb-spacing-left-medium:5.76%;--awb-width-small:100%;--awb-spacing-right-small:1.92%;--awb-spacing-left-small:1.92%;\"><div class=\"fusion-column-wrapper fusion-flex-justify-content-flex-start fusion-content-layout-column\"><div class=\"fusion-image-element \" style=\"text-align:center;--awb-margin-bottom:-10px;--awb-max-width:350px;--awb-caption-title-font-family:var(--h2_typography-font-family);--awb-caption-title-font-weight:var(--h2_typography-font-weight);--awb-caption-title-font-style:var(--h2_typography-font-style);--awb-caption-title-size:var(--h2_typography-font-size);--awb-caption-title-transform:var(--h2_typography-text-transform);--awb-caption-title-line-height:var(--h2_typography-line-height);--awb-caption-title-letter-spacing:var(--h2_typography-letter-spacing);\"><span class=\" fusion-imageframe imageframe-none imageframe-1 hover-type-none\"><img decoding=\"async\" width=\"350\" height=\"350\" title=\"Icona_Senyal_matriculat\" src=\"http:\/\/www.benet.cat\/wp-content\/uploads\/2021\/05\/Icona_Senyal_matriculat.jpg\" alt class=\"img-responsive wp-image-1982\" srcset=\"https:\/\/www.benet.cat\/wp-content\/uploads\/2021\/05\/Icona_Senyal_matriculat-200x200.jpg 200w, https:\/\/www.benet.cat\/wp-content\/uploads\/2021\/05\/Icona_Senyal_matriculat.jpg 350w\" sizes=\"(max-width: 640px) 100vw, 350px\" \/><\/span><\/div><div class=\"fusion-text fusion-text-3\" style=\"--awb-text-color:#ffffff;\"><h1 style=\"text-align: center;\"><span style=\"color: #ffffff;\">Matric\u00falate<\/span><\/h1>\n<\/div><\/div><\/div><div class=\"fusion-layout-column fusion_builder_column fusion-builder-column-3 fusion_builder_column_1_3 1_3 fusion-flex-column\" style=\"--awb-bg-size:cover;--awb-width-large:33.333333333333%;--awb-margin-top-large:0px;--awb-spacing-right-large:5.76%;--awb-margin-bottom-large:0px;--awb-spacing-left-large:5.76%;--awb-width-medium:33.333333333333%;--awb-spacing-right-medium:5.76%;--awb-spacing-left-medium:5.76%;--awb-width-small:100%;--awb-spacing-right-small:1.92%;--awb-spacing-left-small:1.92%;\"><div class=\"fusion-column-wrapper fusion-flex-justify-content-flex-start fusion-content-layout-column\"><div class=\"fusion-image-element \" style=\"text-align:center;--awb-margin-bottom:-10px;--awb-max-width:350px;--awb-caption-title-font-family:var(--h2_typography-font-family);--awb-caption-title-font-weight:var(--h2_typography-font-weight);--awb-caption-title-font-style:var(--h2_typography-font-style);--awb-caption-title-size:var(--h2_typography-font-size);--awb-caption-title-transform:var(--h2_typography-text-transform);--awb-caption-title-line-height:var(--h2_typography-line-height);--awb-caption-title-letter-spacing:var(--h2_typography-letter-spacing);\"><span class=\" fusion-imageframe imageframe-none imageframe-2 hover-type-none\"><img decoding=\"async\" width=\"350\" height=\"350\" title=\"Icona_Senyal_aula_offline\" src=\"http:\/\/www.benet.cat\/wp-content\/uploads\/2021\/05\/Icona_Senyal_aula_offline.jpg\" alt class=\"img-responsive wp-image-1980\" srcset=\"https:\/\/www.benet.cat\/wp-content\/uploads\/2021\/05\/Icona_Senyal_aula_offline-200x200.jpg 200w, https:\/\/www.benet.cat\/wp-content\/uploads\/2021\/05\/Icona_Senyal_aula_offline.jpg 350w\" sizes=\"(max-width: 640px) 100vw, 350px\" \/><\/span><\/div><div class=\"fusion-text fusion-text-4\" style=\"--awb-text-color:#ffffff;\"><h1 style=\"text-align: center;\"><span style=\"color: #ffffff;\">Ven a clase<\/span><\/h1>\n<\/div><\/div><\/div><div class=\"fusion-layout-column fusion_builder_column fusion-builder-column-4 fusion_builder_column_1_3 1_3 fusion-flex-column\" style=\"--awb-bg-size:cover;--awb-width-large:33.333333333333%;--awb-margin-top-large:0px;--awb-spacing-right-large:5.76%;--awb-margin-bottom-large:0px;--awb-spacing-left-large:5.76%;--awb-width-medium:33.333333333333%;--awb-spacing-right-medium:5.76%;--awb-spacing-left-medium:5.76%;--awb-width-small:100%;--awb-spacing-right-small:1.92%;--awb-spacing-left-small:1.92%;\"><div class=\"fusion-column-wrapper fusion-flex-justify-content-flex-start fusion-content-layout-column\"><div class=\"fusion-image-element \" style=\"text-align:center;--awb-margin-bottom:-10px;--awb-max-width:350px;--awb-caption-title-font-family:var(--h2_typography-font-family);--awb-caption-title-font-weight:var(--h2_typography-font-weight);--awb-caption-title-font-style:var(--h2_typography-font-style);--awb-caption-title-size:var(--h2_typography-font-size);--awb-caption-title-transform:var(--h2_typography-text-transform);--awb-caption-title-line-height:var(--h2_typography-line-height);--awb-caption-title-letter-spacing:var(--h2_typography-letter-spacing);\"><span class=\" fusion-imageframe imageframe-none imageframe-3 hover-type-none\"><img decoding=\"async\" width=\"350\" height=\"350\" title=\"Icona_Senyal_aprovat\" src=\"http:\/\/www.benet.cat\/wp-content\/uploads\/2021\/05\/Icona_Senyal_aprovat.jpg\" alt class=\"img-responsive wp-image-1984\" srcset=\"https:\/\/www.benet.cat\/wp-content\/uploads\/2021\/05\/Icona_Senyal_aprovat-200x200.jpg 200w, https:\/\/www.benet.cat\/wp-content\/uploads\/2021\/05\/Icona_Senyal_aprovat.jpg 350w\" sizes=\"(max-width: 640px) 100vw, 350px\" \/><\/span><\/div><div class=\"fusion-text fusion-text-5\" style=\"--awb-text-color:#ffffff;\"><h1 style=\"text-align: center;\"><span style=\"color: #ffffff;\">\u00a1Aprueba!<\/span><\/h1>\n<\/div><\/div><\/div><div class=\"fusion-layout-column fusion_builder_column fusion-builder-column-5 fusion_builder_column_1_1 1_1 fusion-flex-column\" style=\"--awb-bg-size:cover;--awb-width-large:100%;--awb-margin-top-large:0px;--awb-spacing-right-large:1.92%;--awb-margin-bottom-large:0px;--awb-spacing-left-large:1.92%;--awb-width-medium:100%;--awb-spacing-right-medium:1.92%;--awb-spacing-left-medium:1.92%;--awb-width-small:100%;--awb-spacing-right-small:1.92%;--awb-spacing-left-small:1.92%;\"><div class=\"fusion-column-wrapper fusion-flex-justify-content-flex-start fusion-content-layout-column\"><div class=\"fusion-image-element \" style=\"text-align:center;--awb-margin-bottom:-10px;--awb-max-width:700px;--awb-caption-title-font-family:var(--h2_typography-font-family);--awb-caption-title-font-weight:var(--h2_typography-font-weight);--awb-caption-title-font-style:var(--h2_typography-font-style);--awb-caption-title-size:var(--h2_typography-font-size);--awb-caption-title-transform:var(--h2_typography-text-transform);--awb-caption-title-line-height:var(--h2_typography-line-height);--awb-caption-title-letter-spacing:var(--h2_typography-letter-spacing);\"><span class=\" fusion-imageframe imageframe-none imageframe-4 hover-type-none\"><img decoding=\"async\" width=\"808\" height=\"544\" title=\"Computer_Online\" src=\"http:\/\/www.benet.cat\/wp-content\/uploads\/2021\/05\/Computer_Online-1.png\" alt class=\"img-responsive wp-image-1906\" srcset=\"https:\/\/www.benet.cat\/wp-content\/uploads\/2021\/05\/Computer_Online-1-200x135.png 200w, https:\/\/www.benet.cat\/wp-content\/uploads\/2021\/05\/Computer_Online-1-400x269.png 400w, https:\/\/www.benet.cat\/wp-content\/uploads\/2021\/05\/Computer_Online-1-600x404.png 600w, https:\/\/www.benet.cat\/wp-content\/uploads\/2021\/05\/Computer_Online-1-800x539.png 800w, https:\/\/www.benet.cat\/wp-content\/uploads\/2021\/05\/Computer_Online-1.png 808w\" sizes=\"(max-width: 640px) 100vw, 808px\" \/><\/span><\/div><div class=\"fusion-text fusion-text-6\" style=\"--awb-text-color:#ffffff;\"><h2 style=\"text-align: center;\"><span style=\"color: #ffffff;\">Y ahora te damos las herramientas, para hacer los cursos en l\u00ednea.<\/span><\/h2>\n<\/div><div class=\"fusion-text fusion-text-7 fusion-text-no-margin\" style=\"--awb-line-height:14px;--awb-margin-top:50px;--awb-margin-bottom:50px;\"><h2 style=\"text-align: center;\">\u00bfQu\u00e9 incluye la matr\u00edcula?<\/h2>\n<p style=\"text-align: center;\">En el momento de matricularte ya tienes acceso a todo:<\/p>\n<p style=\"text-align: center;\">Material did\u00e1ctico: Te damos un libro, carpeta, bol\u00edgrafo y acceso al temario en pdf.<\/p>\n<p style=\"text-align: center;\">Tests: Acceso inmediato a la plataforma <span style=\"font-size: 18px;\" data-fusion-font=\"true\"><b>Te\u00f3rica Express<\/b>.<\/span><\/p>\n<p style=\"text-align: center;\">Clases Te\u00f3ricas: Ma\u00f1anas y tardes. Te explicamos todo el temario, y si no puedes venir, puedes hacerlo online.<\/p>\n<p style=\"text-align: center;\">Aulas informatizadas: Con un entorno tranquilo para concentrarte mejor.<\/p>\n<p style=\"text-align: center;\"><span style=\"background-color: rgba(255, 255, 255, 0); color: var(--body_typography-color); font-family: var(--body_typography-font-family); font-size: var(--body_typography-font-size); font-style: var(--body_typography-font-style,normal); font-weight: var(--body_typography-font-weight); letter-spacing: var(--body_typography-letter-spacing);\">Nosotros te acompa\u00f1aremos en el examen.<\/span><\/p>\n<p style=\"text-align: center;\"><b style=\"font-size: 19px;\" data-fusion-font=\"true\">Y por la pr\u00e1ctica&#8230;<\/b><\/p>\n<p style=\"text-align: center;\">Veh\u00edculos modernos y desinfectados siguiendo protocolo Anti-Covid.<\/p>\n<p style=\"text-align: center;\">Profesores titulados con experiencia.<\/p>\n<p style=\"text-align: center;\">Recorridos reales de examen.<\/p>\n<p style=\"text-align: center;\">Simulacros de examen durante la formaci\u00f3n.<\/p>\n<\/div><\/div><\/div><\/div><\/div><div class=\"fusion-fullwidth fullwidth-box fusion-builder-row-2 fusion-flex-container nonhundred-percent-fullwidth non-hundred-percent-height-scrolling\" style=\"--awb-border-radius-top-left:0px;--awb-border-radius-top-right:0px;--awb-border-radius-bottom-right:0px;--awb-border-radius-bottom-left:0px;--awb-margin-top:150px;--awb-margin-bottom:150px;--awb-flex-wrap:wrap;\" ><div class=\"fusion-builder-row fusion-row fusion-flex-align-items-flex-start fusion-flex-content-wrap\" style=\"max-width:1248px;margin-left: calc(-4% \/ 2 );margin-right: calc(-4% \/ 2 );\"><div class=\"fusion-layout-column fusion_builder_column fusion-builder-column-6 fusion_builder_column_1_2 1_2 fusion-flex-column\" style=\"--awb-bg-size:cover;--awb-width-large:50%;--awb-margin-top-large:0px;--awb-spacing-right-large:3.84%;--awb-margin-bottom-large:0px;--awb-spacing-left-large:3.84%;--awb-width-medium:50%;--awb-order-medium:0;--awb-spacing-right-medium:3.84%;--awb-spacing-left-medium:3.84%;--awb-width-small:100%;--awb-order-small:0;--awb-spacing-right-small:1.92%;--awb-spacing-left-small:1.92%;\"><div class=\"fusion-column-wrapper fusion-column-has-shadow fusion-flex-justify-content-flex-start fusion-content-layout-column\"><div class=\"fusion-image-element sm-text-align-center\" style=\"text-align:right;--awb-caption-title-font-family:var(--h2_typography-font-family);--awb-caption-title-font-weight:var(--h2_typography-font-weight);--awb-caption-title-font-style:var(--h2_typography-font-style);--awb-caption-title-size:var(--h2_typography-font-size);--awb-caption-title-transform:var(--h2_typography-text-transform);--awb-caption-title-line-height:var(--h2_typography-line-height);--awb-caption-title-letter-spacing:var(--h2_typography-letter-spacing);\"><span class=\" fusion-imageframe imageframe-none imageframe-5 hover-type-none\"><img decoding=\"async\" width=\"300\" height=\"144\" src=\"http:\/\/www.benet.cat\/wp-content\/uploads\/2021\/12\/Imatge-Teorica_300_esp.jpg\" alt class=\"img-responsive wp-image-2523\" srcset=\"https:\/\/www.benet.cat\/wp-content\/uploads\/2021\/12\/Imatge-Teorica_300_esp-200x96.jpg 200w, https:\/\/www.benet.cat\/wp-content\/uploads\/2021\/12\/Imatge-Teorica_300_esp.jpg 300w\" sizes=\"(max-width: 640px) 100vw, 300px\" \/><\/span><\/div><\/div><\/div><div class=\"fusion-layout-column fusion_builder_column fusion-builder-column-7 fusion_builder_column_1_2 1_2 fusion-flex-column\" style=\"--awb-bg-size:cover;--awb-width-large:50%;--awb-margin-top-large:0px;--awb-spacing-right-large:3.84%;--awb-margin-bottom-large:0px;--awb-spacing-left-large:3.84%;--awb-width-medium:50%;--awb-order-medium:0;--awb-spacing-right-medium:3.84%;--awb-spacing-left-medium:3.84%;--awb-width-small:100%;--awb-order-small:0;--awb-spacing-right-small:1.92%;--awb-spacing-left-small:1.92%;\"><div class=\"fusion-column-wrapper fusion-column-has-shadow fusion-flex-justify-content-flex-start fusion-content-layout-column\"><div class=\"fusion-text fusion-text-8\"><h4>M\u00e9todo exclusivo, eficaz y express.<br \/>\n\u00a1Sabes cuando empiezas y cuando apruebas!<\/h4>\n<\/div><div class=\"sm-text-align-center\" style=\"text-align:left;\"><a class=\"fusion-button button-3d fusion-button-default-size button-default fusion-button-default button-1 fusion-button-default-span fusion-button-default-type\" target=\"_self\" href=\"http:\/\/www.benet.cat\/es\/contacto\/\"><span class=\"fusion-button-text awb-button__text awb-button__text--default\">\u00bfVamos?<\/span><\/a><\/div><\/div><\/div><\/div><\/div><div class=\"fusion-fullwidth fullwidth-box fusion-builder-row-3 fusion-flex-container nonhundred-percent-fullwidth non-hundred-percent-height-scrolling\" style=\"--awb-border-radius-top-left:0px;--awb-border-radius-top-right:0px;--awb-border-radius-bottom-right:0px;--awb-border-radius-bottom-left:0px;--awb-margin-top:50px;--awb-margin-bottom:50px;--awb-flex-wrap:wrap;\" ><div class=\"fusion-builder-row fusion-row fusion-flex-align-items-flex-start fusion-flex-content-wrap\" style=\"max-width:1248px;margin-left: calc(-4% \/ 2 );margin-right: calc(-4% \/ 2 );\"><div class=\"fusion-layout-column fusion_builder_column fusion-builder-column-8 fusion_builder_column_1_1 1_1 fusion-flex-column\" style=\"--awb-bg-size:cover;--awb-width-large:100%;--awb-margin-top-large:50px;--awb-spacing-right-large:1.92%;--awb-margin-bottom-large:50px;--awb-spacing-left-large:1.92%;--awb-width-medium:100%;--awb-order-medium:0;--awb-spacing-right-medium:1.92%;--awb-spacing-left-medium:1.92%;--awb-width-small:100%;--awb-order-small:0;--awb-spacing-right-small:1.92%;--awb-spacing-left-small:1.92%;\"><div class=\"fusion-column-wrapper fusion-column-has-shadow fusion-flex-justify-content-flex-start fusion-content-layout-column\"><div class=\"fusion-text fusion-text-9\"><h2>\u00bfQu\u00e9 me autoriza a conducir?<\/h2>\n<p style=\"text-align: justify;\">&#8211; Autom\u00f3viles con una masa m\u00e1xima autorizada que no exceda de 3.500 kg que est\u00e9n dise\u00f1ados y construidos para el transporte de no m\u00e1s de ocho pasajeros adem\u00e1s del conductor.<\/p>\n<p style=\"text-align: justify;\">&#8211; Conjuntos de veh\u00edculos ensamblados compuestos, por un veh\u00edculo tractor de la categor\u00eda B y un remolque cuya masa m\u00e1xima autorizada exceda de 750 kg, siempre que la masa m\u00e1xima autorizada del conjunto no exceda de 4.250 kg.<\/p>\n<p style=\"text-align: justify;\">&#8211; Triciclos y cuadriciclos de motor.<\/p>\n<p style=\"text-align: justify;\">&#8211; Se autoriza la conducci\u00f3n en territorio nacional con antig\u00fcedad de permiso superior a dos a\u00f1os para coches sin remolques conducidos por combustibles alternativos destinados al transporte de mercanc\u00edas con una masa m\u00e1xima autorizada superior a 3.500 kg pero no superior a 4.250 kg, siempre que la masa superior a 3.500 kg provenga exclusivamente del exceso de masa del sistema de propulsi\u00f3n en relaci\u00f3n con el sistema de propulsi\u00f3n de un veh\u00edculo de la misma dimensiones que las equipadas con un motor de combusti\u00f3n interna convencional con encendido de chispa o encendido por compresi\u00f3n, y siempre que no se incremente la capacidad de carga en relaci\u00f3n con el propio veh\u00edculo.<\/p>\n<p style=\"text-align: justify;\"><span style=\"text-decoration: underline;\">La edad m\u00ednima<\/span> para obtenerlo:<\/p>\n<p style=\"text-align: justify;\">&#8211; Ser\u00e1 de dieciocho a\u00f1os cumplidos.<\/p>\n<p style=\"text-align: justify;\">&#8211; Las personas que est\u00e1n en posesi\u00f3n del permiso de la clase B en vigor, con una antig\u00fcedad <strong>superior a tres a\u00f1os<\/strong>, podr\u00e1n conducir <strong>dentro del territorio nacional<\/strong>a las motocicletas que autoriza a conducir el permiso de la clase A1.<\/p>\n<p style=\"text-align: justify;\">&#8211; Los ciclomotores tambi\u00e9n podr\u00e1n conducirse con el permiso de la clase B.<\/p>\n<\/div><\/div><\/div><div class=\"fusion-layout-column fusion_builder_column fusion-builder-column-9 fusion_builder_column_1_1 1_1 fusion-flex-column\" style=\"--awb-bg-size:cover;--awb-width-large:100%;--awb-margin-top-large:0px;--awb-spacing-right-large:1.92%;--awb-margin-bottom-large:0px;--awb-spacing-left-large:1.92%;--awb-width-medium:100%;--awb-spacing-right-medium:1.92%;--awb-spacing-left-medium:1.92%;--awb-width-small:100%;--awb-spacing-right-small:1.92%;--awb-spacing-left-small:1.92%;\"><div class=\"fusion-column-wrapper fusion-flex-justify-content-flex-start fusion-content-layout-column\"><\/div><\/div><\/div><\/div><div class=\"fusion-fullwidth fullwidth-box fusion-builder-row-4 fusion-flex-container nonhundred-percent-fullwidth non-hundred-percent-height-scrolling\" style=\"--awb-border-radius-top-left:0px;--awb-border-radius-top-right:0px;--awb-border-radius-bottom-right:0px;--awb-border-radius-bottom-left:0px;--awb-flex-wrap:wrap;\" ><div class=\"fusion-builder-row fusion-row fusion-flex-align-items-flex-start fusion-flex-content-wrap\" style=\"max-width:1248px;margin-left: calc(-4% \/ 2 );margin-right: calc(-4% \/ 2 );\"><div class=\"fusion-layout-column fusion_builder_column fusion-builder-column-10 fusion_builder_column_1_1 1_1 fusion-flex-column\" style=\"--awb-bg-size:cover;--awb-width-large:100%;--awb-margin-top-large:0px;--awb-spacing-right-large:1.92%;--awb-margin-bottom-large:20px;--awb-spacing-left-large:1.92%;--awb-width-medium:100%;--awb-order-medium:0;--awb-spacing-right-medium:1.92%;--awb-spacing-left-medium:1.92%;--awb-width-small:100%;--awb-order-small:0;--awb-spacing-right-small:1.92%;--awb-spacing-left-small:1.92%;\"><div class=\"fusion-column-wrapper fusion-column-has-shadow fusion-flex-justify-content-flex-start fusion-content-layout-column\"><div class=\"fusion-image-element \" style=\"text-align:center;--awb-caption-title-font-family:var(--h2_typography-font-family);--awb-caption-title-font-weight:var(--h2_typography-font-weight);--awb-caption-title-font-style:var(--h2_typography-font-style);--awb-caption-title-size:var(--h2_typography-font-size);--awb-caption-title-transform:var(--h2_typography-text-transform);--awb-caption-title-line-height:var(--h2_typography-line-height);--awb-caption-title-letter-spacing:var(--h2_typography-letter-spacing);\"><span class=\" fusion-imageframe imageframe-none imageframe-6 hover-type-none\"><img decoding=\"async\" width=\"600\" height=\"300\" title=\"Slider_Quality\" src=\"http:\/\/www.benet.cat\/wp-content\/uploads\/2021\/09\/Slider_Quality.jpg\" alt class=\"img-responsive wp-image-2160\" srcset=\"https:\/\/www.benet.cat\/wp-content\/uploads\/2021\/09\/Slider_Quality-200x100.jpg 200w, https:\/\/www.benet.cat\/wp-content\/uploads\/2021\/09\/Slider_Quality-400x200.jpg 400w, https:\/\/www.benet.cat\/wp-content\/uploads\/2021\/09\/Slider_Quality.jpg 600w\" sizes=\"(max-width: 640px) 100vw, 600px\" \/><\/span><\/div><div class=\"fusion-text fusion-text-10 fusion-text-no-margin\" style=\"--awb-text-color:#ffffff;--awb-margin-top:20px;--awb-margin-bottom:50px;\"><h2 style=\"text-align: center;\"><span style=\"color: #ffffff; font-size: 24pt;\">\u00a1CALIDAD DE ENSE\u00d1ANZA MUY CERCA DE TI!<\/span><\/h2>\n<\/div><\/div><\/div><\/div><\/div><\/p>\n","protected":false},"excerpt":{"rendered":"","protected":false},"author":5,"featured_media":0,"parent":1332,"menu_order":5,"comment_status":"closed","ping_status":"closed","template":"","meta":{"footnotes":""},"class_list":["post-1334","page","type-page","status-publish","hentry"],"_links":{"self":[{"href":"https:\/\/www.benet.cat\/es\/wp-json\/wp\/v2\/pages\/1334","targetHints":{"allow":["GET"]}}],"collection":[{"href":"https:\/\/www.benet.cat\/es\/wp-json\/wp\/v2\/pages"}],"about":[{"href":"https:\/\/www.benet.cat\/es\/wp-json\/wp\/v2\/types\/page"}],"author":[{"embeddable":true,"href":"https:\/\/www.benet.cat\/es\/wp-json\/wp\/v2\/users\/5"}],"replies":[{"embeddable":true,"href":"https:\/\/www.benet.cat\/es\/wp-json\/wp\/v2\/comments?post=1334"}],"version-history":[{"count":7,"href":"https:\/\/www.benet.cat\/es\/wp-json\/wp\/v2\/pages\/1334\/revisions"}],"predecessor-version":[{"id":2527,"href":"https:\/\/www.benet.cat\/es\/wp-json\/wp\/v2\/pages\/1334\/revisions\/2527"}],"up":[{"embeddable":true,"href":"https:\/\/www.benet.cat\/es\/wp-json\/wp\/v2\/pages\/1332"}],"wp:attachment":[{"href":"https:\/\/www.benet.cat\/es\/wp-json\/wp\/v2\/media?parent=1334"}],"curies":[{"name":"wp","href":"https:\/\/api.w.org\/{rel}","templated":true}]}}