{"id":1330,"date":"2012-06-12T09:47:29","date_gmt":"2012-06-12T09:47:29","guid":{"rendered":"http:\/\/www.benet.cat\/permiso-am\/"},"modified":"2021-11-26T20:02:06","modified_gmt":"2021-11-26T19:02:06","slug":"permiso-am","status":"publish","type":"page","link":"https:\/\/www.benet.cat\/es\/permisos\/permiso-am\/","title":{"rendered":"Permiso AM"},"content":{"rendered":"<div class=\"fusion-fullwidth fullwidth-box fusion-builder-row-1 fusion-flex-container nonhundred-percent-fullwidth non-hundred-percent-height-scrolling\" style=\"--awb-border-radius-top-left:0px;--awb-border-radius-top-right:0px;--awb-border-radius-bottom-right:0px;--awb-border-radius-bottom-left:0px;--awb-margin-bottom:50px;--awb-flex-wrap:wrap;\" ><div class=\"fusion-builder-row fusion-row fusion-flex-align-items-flex-start fusion-flex-content-wrap\" style=\"max-width:1248px;margin-left: calc(-4% \/ 2 );margin-right: calc(-4% \/ 2 );\"><div class=\"fusion-layout-column fusion_builder_column fusion-builder-column-0 fusion_builder_column_1_1 1_1 fusion-flex-column\" style=\"--awb-bg-size:cover;--awb-width-large:100%;--awb-margin-top-large:0px;--awb-spacing-right-large:1.92%;--awb-margin-bottom-large:25px;--awb-spacing-left-large:1.92%;--awb-width-medium:100%;--awb-order-medium:0;--awb-spacing-right-medium:1.92%;--awb-spacing-left-medium:1.92%;--awb-width-small:100%;--awb-order-small:0;--awb-spacing-right-small:1.92%;--awb-spacing-left-small:1.92%;\"><div class=\"fusion-column-wrapper fusion-column-has-shadow fusion-flex-justify-content-flex-start fusion-content-layout-column\"><div class=\"fusion-text fusion-text-1\"><h1>Permiso AM &gt; <b>Tu primer permiso de conducir.<\/b><\/h1>\n<p><span style=\"font-size: 12pt;\">\u00bfTienes 15 a\u00f1os? \u00a1Ya puedes!<\/span><\/p>\n<p>Con nuestro sistema de TE\u00d3RICA EXPRESS, aprobar en muy sencillo y r\u00e1pido.<br \/>\n<span style=\"font-size: 12pt;\"> &#8230;y en la parte pr\u00e1ctica disfruta con nuestros ciclomotores escogiendo entre cambio autom\u00e1tico o manual.<\/span><\/p>\n<p>&nbsp;<\/p>\n<h2><span style=\"font-size: 18pt;\">\u00bfYa lo tienes claro? \u00a1An\u00edmate y apuntado ya!<\/span><\/h2>\n<\/div><\/div><\/div><div class=\"fusion-layout-column fusion_builder_column fusion-builder-column-1 fusion_builder_column_1_2 1_2 fusion-flex-column\" style=\"--awb-bg-size:cover;--awb-width-large:50%;--awb-margin-top-large:0px;--awb-spacing-right-large:3.84%;--awb-margin-bottom-large:0px;--awb-spacing-left-large:3.84%;--awb-width-medium:50%;--awb-spacing-right-medium:3.84%;--awb-spacing-left-medium:3.84%;--awb-width-small:100%;--awb-spacing-right-small:1.92%;--awb-spacing-left-small:1.92%;\"><div class=\"fusion-column-wrapper fusion-flex-justify-content-flex-start fusion-content-layout-column\"><div class=\"fusion-image-element \" style=\"text-align:center;--awb-max-width:500px;--awb-caption-title-font-family:var(--h2_typography-font-family);--awb-caption-title-font-weight:var(--h2_typography-font-weight);--awb-caption-title-font-style:var(--h2_typography-font-style);--awb-caption-title-size:var(--h2_typography-font-size);--awb-caption-title-transform:var(--h2_typography-text-transform);--awb-caption-title-line-height:var(--h2_typography-line-height);--awb-caption-title-letter-spacing:var(--h2_typography-letter-spacing);--awb-filter:saturate(100%);--awb-filter-transition:filter 0.3s ease;--awb-filter-hover:saturate(130%);\"><span class=\" fusion-imageframe imageframe-none imageframe-1 hover-type-none\"><a class=\"fusion-no-lightbox\" href=\"http:\/\/www.benet.cat\/es\/teorica-express\/\" target=\"_self\"><img decoding=\"async\" width=\"575\" height=\"357\" src=\"http:\/\/www.benet.cat\/wp-content\/uploads\/2021\/11\/Imatge_Senyal_Home_TE_esp.jpg\" alt class=\"img-responsive wp-image-2489\" srcset=\"https:\/\/www.benet.cat\/wp-content\/uploads\/2021\/11\/Imatge_Senyal_Home_TE_esp-200x124.jpg 200w, https:\/\/www.benet.cat\/wp-content\/uploads\/2021\/11\/Imatge_Senyal_Home_TE_esp-400x248.jpg 400w, https:\/\/www.benet.cat\/wp-content\/uploads\/2021\/11\/Imatge_Senyal_Home_TE_esp.jpg 575w\" sizes=\"(max-width: 640px) 100vw, 575px\" \/><\/a><\/span><\/div><\/div><\/div><div class=\"fusion-layout-column fusion_builder_column fusion-builder-column-2 fusion_builder_column_1_2 1_2 fusion-flex-column\" style=\"--awb-bg-size:cover;--awb-width-large:50%;--awb-margin-top-large:0px;--awb-spacing-right-large:3.84%;--awb-margin-bottom-large:0px;--awb-spacing-left-large:3.84%;--awb-width-medium:50%;--awb-spacing-right-medium:3.84%;--awb-spacing-left-medium:3.84%;--awb-width-small:100%;--awb-spacing-right-small:1.92%;--awb-spacing-left-small:1.92%;\"><div class=\"fusion-column-wrapper fusion-flex-justify-content-flex-start fusion-content-layout-column\"><div class=\"fusion-image-element \" style=\"text-align:center;--awb-max-width:500px;--awb-caption-title-font-family:var(--h2_typography-font-family);--awb-caption-title-font-weight:var(--h2_typography-font-weight);--awb-caption-title-font-style:var(--h2_typography-font-style);--awb-caption-title-size:var(--h2_typography-font-size);--awb-caption-title-transform:var(--h2_typography-text-transform);--awb-caption-title-line-height:var(--h2_typography-line-height);--awb-caption-title-letter-spacing:var(--h2_typography-letter-spacing);--awb-filter:saturate(100%);--awb-filter-transition:filter 0.3s ease;--awb-filter-hover:saturate(130%);\"><span class=\" fusion-imageframe imageframe-none imageframe-2 hover-type-none\"><a class=\"fusion-no-lightbox\" href=\"http:\/\/www.benet.cat\/es\/formacion-practica\/\" target=\"_self\"><img decoding=\"async\" width=\"575\" height=\"357\" src=\"http:\/\/www.benet.cat\/wp-content\/uploads\/2021\/11\/Imatge_Senyal_Home_FP_esp.jpg\" alt class=\"img-responsive wp-image-2491\" srcset=\"https:\/\/www.benet.cat\/wp-content\/uploads\/2021\/11\/Imatge_Senyal_Home_FP_esp-200x124.jpg 200w, https:\/\/www.benet.cat\/wp-content\/uploads\/2021\/11\/Imatge_Senyal_Home_FP_esp-400x248.jpg 400w, https:\/\/www.benet.cat\/wp-content\/uploads\/2021\/11\/Imatge_Senyal_Home_FP_esp.jpg 575w\" sizes=\"(max-width: 640px) 100vw, 575px\" \/><\/a><\/span><\/div><\/div><\/div><div class=\"fusion-layout-column fusion_builder_column fusion-builder-column-3 fusion_builder_column_1_1 1_1 fusion-flex-column\" style=\"--awb-bg-size:cover;--awb-width-large:100%;--awb-margin-top-large:0px;--awb-spacing-right-large:1.92%;--awb-margin-bottom-large:0px;--awb-spacing-left-large:1.92%;--awb-width-medium:100%;--awb-order-medium:0;--awb-spacing-right-medium:1.92%;--awb-spacing-left-medium:1.92%;--awb-width-small:100%;--awb-order-small:0;--awb-spacing-right-small:1.92%;--awb-spacing-left-small:1.92%;\"><div class=\"fusion-column-wrapper fusion-column-has-shadow fusion-flex-justify-content-center fusion-content-layout-row\"><div class=\"fusion-text fusion-text-2\"><h4 style=\"text-align: center;\">M\u00e9todo exclusivo, eficaz y express.<br \/>\n\u00a1Sabes cuando empiezas y cuando apruebas!<\/h4>\n<\/div><\/div><\/div><div class=\"fusion-layout-column fusion_builder_column fusion-builder-column-4 fusion_builder_column_1_1 1_1 fusion-flex-column\" style=\"--awb-bg-size:cover;--awb-width-large:100%;--awb-margin-top-large:0px;--awb-spacing-right-large:1.92%;--awb-margin-bottom-large:50px;--awb-spacing-left-large:1.92%;--awb-width-medium:100%;--awb-order-medium:0;--awb-spacing-right-medium:1.92%;--awb-spacing-left-medium:1.92%;--awb-width-small:100%;--awb-order-small:0;--awb-spacing-right-small:1.92%;--awb-spacing-left-small:1.92%;\"><div class=\"fusion-column-wrapper fusion-column-has-shadow fusion-flex-justify-content-center fusion-content-layout-row\"><div class=\"sm-text-align-left\" style=\"text-align:center;\"><a class=\"fusion-button button-3d fusion-button-default-size button-default fusion-button-default button-1 fusion-button-default-span fusion-button-default-type\" target=\"_self\" href=\"http:\/\/www.benet.cat\/es\/contacto\/\"><span class=\"fusion-button-text awb-button__text awb-button__text--default\">\u00bfVamos?<\/span><\/a><\/div><\/div><\/div><div class=\"fusion-layout-column fusion_builder_column fusion-builder-column-5 fusion_builder_column_2_3 2_3 fusion-flex-column\" style=\"--awb-bg-size:cover;--awb-width-large:66.666666666667%;--awb-margin-top-large:25px;--awb-spacing-right-large:2.88%;--awb-margin-bottom-large:20px;--awb-spacing-left-large:2.88%;--awb-width-medium:66.666666666667%;--awb-order-medium:0;--awb-spacing-right-medium:2.88%;--awb-spacing-left-medium:2.88%;--awb-width-small:100%;--awb-order-small:0;--awb-spacing-right-small:1.92%;--awb-spacing-left-small:1.92%;\"><div class=\"fusion-column-wrapper fusion-column-has-shadow fusion-flex-justify-content-flex-start fusion-content-layout-column\"><div class=\"fusion-text fusion-text-3\"><h1><span style=\"font-size: 23px;\" data-fusion-font=\"true\">\u00bfC\u00f3mo es el examen pr\u00e1ctico? Aqu\u00ed tienes un ejemplo&#8230;<\/span><\/h1>\n<div class=\"video-shortcode\"><iframe title=\"Maniobras Permiso AM CICLOMOTOR\" width=\"1200\" height=\"675\" src=\"https:\/\/www.youtube.com\/embed\/ZTqfmIwJJyg?feature=oembed\" frameborder=\"0\" allow=\"accelerometer; autoplay; clipboard-write; encrypted-media; gyroscope; picture-in-picture\" allowfullscreen><\/iframe><\/div>\n<p>Video publicado por la DGT<\/p>\n<h2 style=\"text-align: justify;\">\u00bfQu\u00e9 me autoriza a conducir?<\/h2>\n<p style=\"text-align: justify;\">&#8211; Ciclomotores de dos o tres ruedas y cuadriciclos ligeros.<\/p>\n<p style=\"text-align: justify;\">&#8211; <strong>Podr\u00e1 estar limitada<\/strong> la conducci\u00f3n de ciclomotores de tres ruedas y cuadriciclos ligeros <strong>(AM LIMITADO)<\/strong>. Se consignar\u00e1 en el permiso el c\u00f3digo 107.<\/p>\n<p style=\"text-align: justify;\"><span style=\"text-decoration: underline;\">La edad m\u00ednima<\/span> para obtenerlo:<\/p>\n<p>&#8211; Ser\u00e1 de quince a\u00f1os cumplidos.<\/p>\n<p>&#8211; Pero hasta los dieciocho a\u00f1os cumplidos no autorizar\u00e1 a conducir a los correspondientes veh\u00edculos cuando transporten pasajeros.<\/p>\n<\/div><\/div><\/div><\/div><\/div>\n","protected":false},"excerpt":{"rendered":"","protected":false},"author":5,"featured_media":0,"parent":1332,"menu_order":1,"comment_status":"closed","ping_status":"closed","template":"","meta":{"footnotes":""},"class_list":["post-1330","page","type-page","status-publish","hentry"],"_links":{"self":[{"href":"https:\/\/www.benet.cat\/es\/wp-json\/wp\/v2\/pages\/1330","targetHints":{"allow":["GET"]}}],"collection":[{"href":"https:\/\/www.benet.cat\/es\/wp-json\/wp\/v2\/pages"}],"about":[{"href":"https:\/\/www.benet.cat\/es\/wp-json\/wp\/v2\/types\/page"}],"author":[{"embeddable":true,"href":"https:\/\/www.benet.cat\/es\/wp-json\/wp\/v2\/users\/5"}],"replies":[{"embeddable":true,"href":"https:\/\/www.benet.cat\/es\/wp-json\/wp\/v2\/comments?post=1330"}],"version-history":[{"count":9,"href":"https:\/\/www.benet.cat\/es\/wp-json\/wp\/v2\/pages\/1330\/revisions"}],"predecessor-version":[{"id":2498,"href":"https:\/\/www.benet.cat\/es\/wp-json\/wp\/v2\/pages\/1330\/revisions\/2498"}],"up":[{"embeddable":true,"href":"https:\/\/www.benet.cat\/es\/wp-json\/wp\/v2\/pages\/1332"}],"wp:attachment":[{"href":"https:\/\/www.benet.cat\/es\/wp-json\/wp\/v2\/media?parent=1330"}],"curies":[{"name":"wp","href":"https:\/\/api.w.org\/{rel}","templated":true}]}}